{"id":3263,"date":"2023-09-26T09:06:23","date_gmt":"2023-09-26T09:06:23","guid":{"rendered":"https:\/\/efigestia.com\/?page_id=3263"},"modified":"2023-09-26T09:26:13","modified_gmt":"2023-09-26T09:26:13","slug":"alianza-efigestia","status":"publish","type":"page","link":"https:\/\/efigestia.com\/en\/servicios\/bpo-outsourcing\/alianza-efigestia\/","title":{"rendered":"Ephigestia Alliance"},"content":{"rendered":"<div data-elementor-type=\"wp-page\" data-elementor-id=\"3263\" class=\"elementor elementor-3263\" data-elementor-post-type=\"page\">\n\t\t\t\t\t\t<section class=\"elementor-section elementor-top-section elementor-element elementor-element-512a8d2c elementor-section-boxed elementor-section-height-default elementor-section-height-default\" data-id=\"512a8d2c\" data-element_type=\"section\" data-e-type=\"section\">\n\t\t\t\t\t\t<div class=\"elementor-container elementor-column-gap-default\">\n\t\t\t\t\t<div class=\"elementor-column elementor-col-100 elementor-top-column elementor-element elementor-element-690ea9e8\" data-id=\"690ea9e8\" data-element_type=\"column\" data-e-type=\"column\">\n\t\t\t<div class=\"elementor-widget-wrap elementor-element-populated\">\n\t\t\t\t\t\t<div class=\"elementor-element elementor-element-4441e01 elementor-widget elementor-widget-heading\" data-id=\"4441e01\" data-element_type=\"widget\" data-e-type=\"widget\" data-widget_type=\"heading.default\">\n\t\t\t\t<div class=\"elementor-widget-container\">\n\t\t\t\t\t<h1 class=\"elementor-heading-title elementor-size-default\">ALIANZAS EFIGESTIA<\/h1>\t\t\t\t<\/div>\n\t\t\t\t<\/div>\n\t\t\t\t<div class=\"elementor-element elementor-element-10b2a861 elementor-widget elementor-widget-text-editor\" data-id=\"10b2a861\" data-element_type=\"widget\" data-e-type=\"widget\" data-widget_type=\"text-editor.default\">\n\t\t\t\t<div class=\"elementor-widget-container\">\n\t\t\t\t\t\t\t\t\t<strong>EFFIGESTY<\/strong>\u00a0gestiona la divisi\u00f3n de\u00a0<strong>AUDITORIA en alianza con la firma\u00a0INGARAS<\/strong><strong>\u00a0<\/strong>y agrupa todos los servicios en los que es necesaria la intervenci\u00f3n de un experto\u00a0<strong>auditor de cuentas inscrito en el ROAC (Registro Oficial de Auditores de Cuentas)<\/strong>.\r\n\r\n&nbsp;\r\n\r\nEn el desarrollo de nuestra labor no s\u00f3lo emitimos un informe de auditor\u00eda independiente en el que expresamos una opini\u00f3n responsable sobre las cuentas anuales\/estados financieros auditados.\r\n\r\n&nbsp;\r\n\r\nGracias a nuestro m\u00e9todo de trabajo, desarrollado por profesionales con m\u00e1s de 20 a\u00f1os de experiencia en el sector de auditor\u00eda, estamos en disposici\u00f3n de detectar \u00e1reas de mejora y efectuar recomendaciones a la empresa auditada que pueden mejorar su\u00a0gesti\u00f3n contable-fiscal-administrativa, generando as\u00ed un valor a\u00f1adido para nuestros clientes.\r\n\r\n&nbsp;\r\n\r\nComo ejemplo de trabajos realizados por nuestra firma relacionamos los siguientes:\r\n<ul>\r\n \t<li>Auditor\u00eda OBLIGATORIA de cuentas anuales, tanto individuales como consolidadas.<\/li>\r\n \t<li>Auditor\u00eda voluntaria de cuentas anuales.<\/li>\r\n \t<li>Auditor\u00eda de Estados Financieros intermedios.<\/li>\r\n \t<li>Revisiones limitadas de informaci\u00f3n financiera con procedimientos acordados.<\/li>\r\n \t<li>Certificaci\u00f3n de subvenciones nacionales e internacionales (IMPIVA, CDTi, \u2026.)<\/li>\r\n \t<li>Dict\u00e1menes periciales.<\/li>\r\n \t<li>Implantaci\u00f3n de sistemas de control interno. Revisi\u00f3n de los sistemas de control interno de las empresas, emitiendo un informe sobre su adecuaci\u00f3n y eficacia. Declaraci\u00f3n anual de envases.<\/li>\r\n<\/ul>\t\t\t\t\t\t\t\t<\/div>\n\t\t\t\t<\/div>\n\t\t\t\t\t<\/div>\n\t\t<\/div>\n\t\t\t\t\t<\/div>\n\t\t<\/section>\n\t\t\t\t<\/div>","protected":false},"excerpt":{"rendered":"<p>ALIANZAS EFIGESTIA EFIGESTIA\u00a0gestiona la divisi\u00f3n de\u00a0AUDITORIA en alianza con la firma\u00a0INGARAS\u00a0y agrupa todos los servicios en los que es necesaria la intervenci\u00f3n de un experto\u00a0auditor de cuentas inscrito en el ROAC (Registro Oficial de Auditores de Cuentas). &nbsp; En el desarrollo de nuestra labor no s\u00f3lo emitimos un informe de auditor\u00eda independiente en el que [&hellip;]<\/p>","protected":false},"author":1,"featured_media":0,"parent":3138,"menu_order":0,"comment_status":"closed","ping_status":"closed","template":"elementor_header_footer","meta":{"footnotes":""},"class_list":["post-3263","page","type-page","status-publish","hentry"],"yoast_head":"<!-- This site is optimized with the Yoast SEO plugin v26.3 - https:\/\/yoast.com\/wordpress\/plugins\/seo\/ -->\n<title>Alianza Efigestia - Efigestia<\/title>\n<meta name=\"robots\" content=\"index, follow, max-snippet:-1, max-image-preview:large, max-video-preview:-1\" \/>\n<link rel=\"canonical\" href=\"https:\/\/efigestia.com\/en\/servicios\/bpo-outsourcing\/alianza-efigestia\/\" \/>\n<meta property=\"og:locale\" content=\"en_GB\" \/>\n<meta property=\"og:type\" content=\"article\" \/>\n<meta property=\"og:title\" content=\"Alianza Efigestia - Efigestia\" \/>\n<meta property=\"og:description\" content=\"ALIANZAS EFIGESTIA EFIGESTIA\u00a0gestiona la divisi\u00f3n de\u00a0AUDITORIA en alianza con la firma\u00a0INGARAS\u00a0y agrupa todos los servicios en los que es necesaria la intervenci\u00f3n de un experto\u00a0auditor de cuentas inscrito en el ROAC (Registro Oficial de Auditores de Cuentas). &nbsp; En el desarrollo de nuestra labor no s\u00f3lo emitimos un informe de auditor\u00eda independiente en el que [&hellip;]\" \/>\n<meta property=\"og:url\" content=\"https:\/\/efigestia.com\/en\/servicios\/bpo-outsourcing\/alianza-efigestia\/\" \/>\n<meta property=\"og:site_name\" content=\"Efigestia\" \/>\n<meta property=\"article:publisher\" content=\"https:\/\/www.facebook.com\/efigestia\" \/>\n<meta property=\"article:modified_time\" content=\"2023-09-26T09:26:13+00:00\" \/>\n<meta name=\"twitter:card\" content=\"summary_large_image\" \/>\n<meta name=\"twitter:site\" content=\"@Efigestia\" \/>\n<meta name=\"twitter:label1\" content=\"Estimated reading time\" \/>\n\t<meta name=\"twitter:data1\" content=\"1 minute\" \/>\n<script type=\"application\/ld+json\" class=\"yoast-schema-graph\">{\"@context\":\"https:\/\/schema.org\",\"@graph\":[{\"@type\":\"WebPage\",\"@id\":\"https:\/\/efigestia.com\/servicios\/bpo-outsourcing\/alianza-efigestia\/\",\"url\":\"https:\/\/efigestia.com\/servicios\/bpo-outsourcing\/alianza-efigestia\/\",\"name\":\"Alianza Efigestia - Efigestia\",\"isPartOf\":{\"@id\":\"https:\/\/efigestia.com\/#website\"},\"datePublished\":\"2023-09-26T09:06:23+00:00\",\"dateModified\":\"2023-09-26T09:26:13+00:00\",\"breadcrumb\":{\"@id\":\"https:\/\/efigestia.com\/servicios\/bpo-outsourcing\/alianza-efigestia\/#breadcrumb\"},\"inLanguage\":\"en-GB\",\"potentialAction\":[{\"@type\":\"ReadAction\",\"target\":[\"https:\/\/efigestia.com\/servicios\/bpo-outsourcing\/alianza-efigestia\/\"]}]},{\"@type\":\"BreadcrumbList\",\"@id\":\"https:\/\/efigestia.com\/servicios\/bpo-outsourcing\/alianza-efigestia\/#breadcrumb\",\"itemListElement\":[{\"@type\":\"ListItem\",\"position\":1,\"name\":\"Portada\",\"item\":\"https:\/\/efigestia.com\/\"},{\"@type\":\"ListItem\",\"position\":2,\"name\":\"Servicios\",\"item\":\"https:\/\/efigestia.com\/servicios\/\"},{\"@type\":\"ListItem\",\"position\":3,\"name\":\"BPO-Outsourcing\",\"item\":\"https:\/\/efigestia.com\/servicios\/bpo-outsourcing\/\"},{\"@type\":\"ListItem\",\"position\":4,\"name\":\"Alianza Efigestia\"}]},{\"@type\":\"WebSite\",\"@id\":\"https:\/\/efigestia.com\/#website\",\"url\":\"https:\/\/efigestia.com\/\",\"name\":\"Efigestia.com\",\"description\":\"Consultor\u00eda y asesoramiento Internacional\",\"publisher\":{\"@id\":\"https:\/\/efigestia.com\/#organization\"},\"potentialAction\":[{\"@type\":\"SearchAction\",\"target\":{\"@type\":\"EntryPoint\",\"urlTemplate\":\"https:\/\/efigestia.com\/?s={search_term_string}\"},\"query-input\":{\"@type\":\"PropertyValueSpecification\",\"valueRequired\":true,\"valueName\":\"search_term_string\"}}],\"inLanguage\":\"en-GB\"},{\"@type\":\"Organization\",\"@id\":\"https:\/\/efigestia.com\/#organization\",\"name\":\"Efigestia S.L\",\"alternateName\":\"Consultoria estrat\u00e9gica\",\"url\":\"https:\/\/efigestia.com\/\",\"logo\":{\"@type\":\"ImageObject\",\"inLanguage\":\"en-GB\",\"@id\":\"https:\/\/efigestia.com\/#\/schema\/logo\/image\/\",\"url\":\"https:\/\/efigestia.com\/wp-content\/uploads\/2023\/07\/logo_efigestia-1.png\",\"contentUrl\":\"https:\/\/efigestia.com\/wp-content\/uploads\/2023\/07\/logo_efigestia-1.png\",\"width\":2274,\"height\":617,\"caption\":\"Efigestia S.L\"},\"image\":{\"@id\":\"https:\/\/efigestia.com\/#\/schema\/logo\/image\/\"},\"sameAs\":[\"https:\/\/www.facebook.com\/efigestia\",\"https:\/\/x.com\/Efigestia\"]}]}<\/script>\n<!-- \/ Yoast SEO plugin. -->","yoast_head_json":{"title":"Alianza Efigestia - Efigestia","robots":{"index":"index","follow":"follow","max-snippet":"max-snippet:-1","max-image-preview":"max-image-preview:large","max-video-preview":"max-video-preview:-1"},"canonical":"https:\/\/efigestia.com\/en\/servicios\/bpo-outsourcing\/alianza-efigestia\/","og_locale":"en_GB","og_type":"article","og_title":"Alianza Efigestia - Efigestia","og_description":"ALIANZAS EFIGESTIA EFIGESTIA\u00a0gestiona la divisi\u00f3n de\u00a0AUDITORIA en alianza con la firma\u00a0INGARAS\u00a0y agrupa todos los servicios en los que es necesaria la intervenci\u00f3n de un experto\u00a0auditor de cuentas inscrito en el ROAC (Registro Oficial de Auditores de Cuentas). &nbsp; En el desarrollo de nuestra labor no s\u00f3lo emitimos un informe de auditor\u00eda independiente en el que [&hellip;]","og_url":"https:\/\/efigestia.com\/en\/servicios\/bpo-outsourcing\/alianza-efigestia\/","og_site_name":"Efigestia","article_publisher":"https:\/\/www.facebook.com\/efigestia","article_modified_time":"2023-09-26T09:26:13+00:00","twitter_card":"summary_large_image","twitter_site":"@Efigestia","twitter_misc":{"Estimated reading time":"1 minute"},"schema":{"@context":"https:\/\/schema.org","@graph":[{"@type":"WebPage","@id":"https:\/\/efigestia.com\/servicios\/bpo-outsourcing\/alianza-efigestia\/","url":"https:\/\/efigestia.com\/servicios\/bpo-outsourcing\/alianza-efigestia\/","name":"Alianza Efigestia - Efigestia","isPartOf":{"@id":"https:\/\/efigestia.com\/#website"},"datePublished":"2023-09-26T09:06:23+00:00","dateModified":"2023-09-26T09:26:13+00:00","breadcrumb":{"@id":"https:\/\/efigestia.com\/servicios\/bpo-outsourcing\/alianza-efigestia\/#breadcrumb"},"inLanguage":"en-GB","potentialAction":[{"@type":"ReadAction","target":["https:\/\/efigestia.com\/servicios\/bpo-outsourcing\/alianza-efigestia\/"]}]},{"@type":"BreadcrumbList","@id":"https:\/\/efigestia.com\/servicios\/bpo-outsourcing\/alianza-efigestia\/#breadcrumb","itemListElement":[{"@type":"ListItem","position":1,"name":"Portada","item":"https:\/\/efigestia.com\/"},{"@type":"ListItem","position":2,"name":"Servicios","item":"https:\/\/efigestia.com\/servicios\/"},{"@type":"ListItem","position":3,"name":"BPO-Outsourcing","item":"https:\/\/efigestia.com\/servicios\/bpo-outsourcing\/"},{"@type":"ListItem","position":4,"name":"Alianza Efigestia"}]},{"@type":"WebSite","@id":"https:\/\/efigestia.com\/#website","url":"https:\/\/efigestia.com\/","name":"Efigestia.com","description":"Consultor\u00eda y asesoramiento Internacional","publisher":{"@id":"https:\/\/efigestia.com\/#organization"},"potentialAction":[{"@type":"SearchAction","target":{"@type":"EntryPoint","urlTemplate":"https:\/\/efigestia.com\/?s={search_term_string}"},"query-input":{"@type":"PropertyValueSpecification","valueRequired":true,"valueName":"search_term_string"}}],"inLanguage":"en-GB"},{"@type":"Organization","@id":"https:\/\/efigestia.com\/#organization","name":"Ephigestia SL","alternateName":"Consultoria estrat\u00e9gica","url":"https:\/\/efigestia.com\/","logo":{"@type":"ImageObject","inLanguage":"en-GB","@id":"https:\/\/efigestia.com\/#\/schema\/logo\/image\/","url":"https:\/\/efigestia.com\/wp-content\/uploads\/2023\/07\/logo_efigestia-1.png","contentUrl":"https:\/\/efigestia.com\/wp-content\/uploads\/2023\/07\/logo_efigestia-1.png","width":2274,"height":617,"caption":"Efigestia S.L"},"image":{"@id":"https:\/\/efigestia.com\/#\/schema\/logo\/image\/"},"sameAs":["https:\/\/www.facebook.com\/efigestia","https:\/\/x.com\/Efigestia"]}]}},"_links":{"self":[{"href":"https:\/\/efigestia.com\/en\/wp-json\/wp\/v2\/pages\/3263","targetHints":{"allow":["GET"]}}],"collection":[{"href":"https:\/\/efigestia.com\/en\/wp-json\/wp\/v2\/pages"}],"about":[{"href":"https:\/\/efigestia.com\/en\/wp-json\/wp\/v2\/types\/page"}],"author":[{"embeddable":true,"href":"https:\/\/efigestia.com\/en\/wp-json\/wp\/v2\/users\/1"}],"replies":[{"embeddable":true,"href":"https:\/\/efigestia.com\/en\/wp-json\/wp\/v2\/comments?post=3263"}],"version-history":[{"count":8,"href":"https:\/\/efigestia.com\/en\/wp-json\/wp\/v2\/pages\/3263\/revisions"}],"predecessor-version":[{"id":3282,"href":"https:\/\/efigestia.com\/en\/wp-json\/wp\/v2\/pages\/3263\/revisions\/3282"}],"up":[{"embeddable":true,"href":"https:\/\/efigestia.com\/en\/wp-json\/wp\/v2\/pages\/3138"}],"wp:attachment":[{"href":"https:\/\/efigestia.com\/en\/wp-json\/wp\/v2\/media?parent=3263"}],"curies":[{"name":"wp","href":"https:\/\/api.w.org\/{rel}","templated":true}]}}