{"id":3242,"date":"2023-09-26T08:49:52","date_gmt":"2023-09-26T08:49:52","guid":{"rendered":"https:\/\/efigestia.com\/?page_id=3242"},"modified":"2023-09-26T09:02:41","modified_gmt":"2023-09-26T09:02:41","slug":"convenio-cecoval","status":"publish","type":"page","link":"https:\/\/efigestia.com\/en\/servicios\/bpo-outsourcing\/convenio-cecoval\/","title":{"rendered":"Cecoval Agreement"},"content":{"rendered":"<div data-elementor-type=\"wp-page\" data-elementor-id=\"3242\" class=\"elementor elementor-3242\" data-elementor-post-type=\"page\">\n\t\t\t\t\t\t<section class=\"elementor-section elementor-top-section elementor-element elementor-element-3fd2999e elementor-section-boxed elementor-section-height-default elementor-section-height-default\" data-id=\"3fd2999e\" data-element_type=\"section\" data-e-type=\"section\">\n\t\t\t\t\t\t<div class=\"elementor-container elementor-column-gap-default\">\n\t\t\t\t\t<div class=\"elementor-column elementor-col-100 elementor-top-column elementor-element elementor-element-2e71f694\" data-id=\"2e71f694\" data-element_type=\"column\" data-e-type=\"column\">\n\t\t\t<div class=\"elementor-widget-wrap elementor-element-populated\">\n\t\t\t\t\t\t<div class=\"elementor-element elementor-element-67827775 elementor-widget elementor-widget-text-editor\" data-id=\"67827775\" data-element_type=\"widget\" data-e-type=\"widget\" data-widget_type=\"text-editor.default\">\n\t\t\t\t<div class=\"elementor-widget-container\">\n\t\t\t\t\t\t\t\t\tCECOVAL, Confederacion de Empresarios del Comercio de la Comunidad Valenciana, convencida del potencial de mejora que tiene el Sector COMERCIO de la Comunidad Valenciana en diferentes aspectos de gesti\u00f3n directiva de los mismos firma un convenio de colaboraci\u00f3n con la entidad de consultor\u00eda EFIGESTIA.\r\n\r\nCon este convenio CECOVAL busca dar un impulso al conocimiento e implantaci\u00f3n de estrategias, t\u00e9cnicas y pr\u00e1cticas que permitan\u00a0 que la gesti\u00f3n profesional \u00a0de sus pymes, en los aspectos\u00a0econ\u00f3mico-financieros, de internacionalizaci\u00f3n, gesti\u00f3n de licitaciones, financiaci\u00f3n p\u00fablica de proyectos y marketing y venta online\u00a0de un paso definitivo y permita una dinamizaci\u00f3n y expansi\u00f3n del sector.\r\n\r\n<a href=\"https:\/\/clon.efigestia.com\/wp-content\/uploads\/2014\/05\/images.jpeg\"><img fetchpriority=\"high\" decoding=\"async\" class=\"wp-image-391 alignright\" src=\"https:\/\/clon.efigestia.com\/wp-content\/uploads\/2014\/05\/images.jpeg\" sizes=\"(max-width: 257px) 100vw, 257px\" srcset=\"https:\/\/clon.efigestia.com\/wp-content\/uploads\/2014\/05\/images.jpeg 257w, https:\/\/clon.efigestia.com\/wp-content\/uploads\/2014\/05\/images-250x190.jpeg 250w\" alt=\"images\" width=\"257\" height=\"196\" \/><\/a>Gracias a este acuerdo, las PYMES del sector COMERCIO de la Comunidad Valenciana, tendr\u00e1n\u00a0a su disposici\u00f3n un gabinete profesional que,\u00a0\u00a0<strong>de forma preferente<\/strong>,\u00a0permitir\u00e1 la implantaci\u00f3n de pr\u00e1cticas de gesti\u00f3n y direcci\u00f3n propias de empresas con mayor envergadura\u00a0para cualquier negocio asociado a la Confederaci\u00f3n repercutiendo as\u00ed en la mejorar de su rentabilidad y sus resultados.\r\n\r\nEl acuerdo incluye un primer an\u00e1lisis relativo a la gesti\u00f3n de las \u00e1reas de la gesti\u00f3n\u00a0mencionados\u00a0<strong>sin ning\u00fan tipo de compromiso por parte del comercio que as\u00ed lo decida.\u00a0<\/strong>\t\t\t\t\t\t\t\t<\/div>\n\t\t\t\t<\/div>\n\t\t\t\t\t<\/div>\n\t\t<\/div>\n\t\t\t\t\t<\/div>\n\t\t<\/section>\n\t\t\t\t<\/div>","protected":false},"excerpt":{"rendered":"<p>CECOVAL, Confederacion de Empresarios del Comercio de la Comunidad Valenciana, convencida del potencial de mejora que tiene el Sector COMERCIO de la Comunidad Valenciana en diferentes aspectos de gesti\u00f3n directiva de los mismos firma un convenio de colaboraci\u00f3n con la entidad de consultor\u00eda EFIGESTIA. Con este convenio CECOVAL busca dar un impulso al conocimiento e [&hellip;]<\/p>","protected":false},"author":1,"featured_media":184,"parent":3138,"menu_order":0,"comment_status":"closed","ping_status":"closed","template":"elementor_header_footer","meta":{"footnotes":""},"class_list":["post-3242","page","type-page","status-publish","has-post-thumbnail","hentry"],"yoast_head":"<!-- This site is optimized with the Yoast SEO plugin v26.3 - https:\/\/yoast.com\/wordpress\/plugins\/seo\/ -->\n<title>Convenio Cecoval - Efigestia<\/title>\n<meta name=\"robots\" content=\"index, follow, max-snippet:-1, max-image-preview:large, max-video-preview:-1\" \/>\n<link rel=\"canonical\" href=\"https:\/\/efigestia.com\/en\/servicios\/bpo-outsourcing\/convenio-cecoval\/\" \/>\n<meta property=\"og:locale\" content=\"en_GB\" \/>\n<meta property=\"og:type\" content=\"article\" \/>\n<meta property=\"og:title\" content=\"Convenio Cecoval - Efigestia\" \/>\n<meta property=\"og:description\" content=\"CECOVAL, Confederacion de Empresarios del Comercio de la Comunidad Valenciana, convencida del potencial de mejora que tiene el Sector COMERCIO de la Comunidad Valenciana en diferentes aspectos de gesti\u00f3n directiva de los mismos firma un convenio de colaboraci\u00f3n con la entidad de consultor\u00eda EFIGESTIA. Con este convenio CECOVAL busca dar un impulso al conocimiento e [&hellip;]\" \/>\n<meta property=\"og:url\" content=\"https:\/\/efigestia.com\/en\/servicios\/bpo-outsourcing\/convenio-cecoval\/\" \/>\n<meta property=\"og:site_name\" content=\"Efigestia\" \/>\n<meta property=\"article:publisher\" content=\"https:\/\/www.facebook.com\/efigestia\" \/>\n<meta property=\"article:modified_time\" content=\"2023-09-26T09:02:41+00:00\" \/>\n<meta property=\"og:image\" content=\"https:\/\/efigestia.com\/wp-content\/uploads\/2023\/07\/images.jpeg\" \/>\n\t<meta property=\"og:image:width\" content=\"257\" \/>\n\t<meta property=\"og:image:height\" content=\"196\" \/>\n\t<meta property=\"og:image:type\" content=\"image\/jpeg\" \/>\n<meta name=\"twitter:card\" content=\"summary_large_image\" \/>\n<meta name=\"twitter:site\" content=\"@Efigestia\" \/>\n<meta name=\"twitter:label1\" content=\"Estimated reading time\" \/>\n\t<meta name=\"twitter:data1\" content=\"2 minutes\" \/>\n<script type=\"application\/ld+json\" class=\"yoast-schema-graph\">{\"@context\":\"https:\/\/schema.org\",\"@graph\":[{\"@type\":\"WebPage\",\"@id\":\"https:\/\/efigestia.com\/servicios\/bpo-outsourcing\/convenio-cecoval\/\",\"url\":\"https:\/\/efigestia.com\/servicios\/bpo-outsourcing\/convenio-cecoval\/\",\"name\":\"Convenio Cecoval - Efigestia\",\"isPartOf\":{\"@id\":\"https:\/\/efigestia.com\/#website\"},\"primaryImageOfPage\":{\"@id\":\"https:\/\/efigestia.com\/servicios\/bpo-outsourcing\/convenio-cecoval\/#primaryimage\"},\"image\":{\"@id\":\"https:\/\/efigestia.com\/servicios\/bpo-outsourcing\/convenio-cecoval\/#primaryimage\"},\"thumbnailUrl\":\"https:\/\/efigestia.com\/wp-content\/uploads\/2023\/07\/images.jpeg\",\"datePublished\":\"2023-09-26T08:49:52+00:00\",\"dateModified\":\"2023-09-26T09:02:41+00:00\",\"breadcrumb\":{\"@id\":\"https:\/\/efigestia.com\/servicios\/bpo-outsourcing\/convenio-cecoval\/#breadcrumb\"},\"inLanguage\":\"en-GB\",\"potentialAction\":[{\"@type\":\"ReadAction\",\"target\":[\"https:\/\/efigestia.com\/servicios\/bpo-outsourcing\/convenio-cecoval\/\"]}]},{\"@type\":\"ImageObject\",\"inLanguage\":\"en-GB\",\"@id\":\"https:\/\/efigestia.com\/servicios\/bpo-outsourcing\/convenio-cecoval\/#primaryimage\",\"url\":\"https:\/\/efigestia.com\/wp-content\/uploads\/2023\/07\/images.jpeg\",\"contentUrl\":\"https:\/\/efigestia.com\/wp-content\/uploads\/2023\/07\/images.jpeg\",\"width\":257,\"height\":196,\"caption\":\"Estrategias y T\u00e9cnicas de Marketing Online\"},{\"@type\":\"BreadcrumbList\",\"@id\":\"https:\/\/efigestia.com\/servicios\/bpo-outsourcing\/convenio-cecoval\/#breadcrumb\",\"itemListElement\":[{\"@type\":\"ListItem\",\"position\":1,\"name\":\"Portada\",\"item\":\"https:\/\/efigestia.com\/\"},{\"@type\":\"ListItem\",\"position\":2,\"name\":\"Servicios\",\"item\":\"https:\/\/efigestia.com\/servicios\/\"},{\"@type\":\"ListItem\",\"position\":3,\"name\":\"BPO-Outsourcing\",\"item\":\"https:\/\/efigestia.com\/servicios\/bpo-outsourcing\/\"},{\"@type\":\"ListItem\",\"position\":4,\"name\":\"Convenio Cecoval\"}]},{\"@type\":\"WebSite\",\"@id\":\"https:\/\/efigestia.com\/#website\",\"url\":\"https:\/\/efigestia.com\/\",\"name\":\"Efigestia.com\",\"description\":\"Consultor\u00eda y asesoramiento Internacional\",\"publisher\":{\"@id\":\"https:\/\/efigestia.com\/#organization\"},\"potentialAction\":[{\"@type\":\"SearchAction\",\"target\":{\"@type\":\"EntryPoint\",\"urlTemplate\":\"https:\/\/efigestia.com\/?s={search_term_string}\"},\"query-input\":{\"@type\":\"PropertyValueSpecification\",\"valueRequired\":true,\"valueName\":\"search_term_string\"}}],\"inLanguage\":\"en-GB\"},{\"@type\":\"Organization\",\"@id\":\"https:\/\/efigestia.com\/#organization\",\"name\":\"Efigestia S.L\",\"alternateName\":\"Consultoria estrat\u00e9gica\",\"url\":\"https:\/\/efigestia.com\/\",\"logo\":{\"@type\":\"ImageObject\",\"inLanguage\":\"en-GB\",\"@id\":\"https:\/\/efigestia.com\/#\/schema\/logo\/image\/\",\"url\":\"https:\/\/efigestia.com\/wp-content\/uploads\/2023\/07\/logo_efigestia-1.png\",\"contentUrl\":\"https:\/\/efigestia.com\/wp-content\/uploads\/2023\/07\/logo_efigestia-1.png\",\"width\":2274,\"height\":617,\"caption\":\"Efigestia S.L\"},\"image\":{\"@id\":\"https:\/\/efigestia.com\/#\/schema\/logo\/image\/\"},\"sameAs\":[\"https:\/\/www.facebook.com\/efigestia\",\"https:\/\/x.com\/Efigestia\"]}]}<\/script>\n<!-- \/ Yoast SEO plugin. -->","yoast_head_json":{"title":"Convenio Cecoval - Efigestia","robots":{"index":"index","follow":"follow","max-snippet":"max-snippet:-1","max-image-preview":"max-image-preview:large","max-video-preview":"max-video-preview:-1"},"canonical":"https:\/\/efigestia.com\/en\/servicios\/bpo-outsourcing\/convenio-cecoval\/","og_locale":"en_GB","og_type":"article","og_title":"Convenio Cecoval - Efigestia","og_description":"CECOVAL, Confederacion de Empresarios del Comercio de la Comunidad Valenciana, convencida del potencial de mejora que tiene el Sector COMERCIO de la Comunidad Valenciana en diferentes aspectos de gesti\u00f3n directiva de los mismos firma un convenio de colaboraci\u00f3n con la entidad de consultor\u00eda EFIGESTIA. Con este convenio CECOVAL busca dar un impulso al conocimiento e [&hellip;]","og_url":"https:\/\/efigestia.com\/en\/servicios\/bpo-outsourcing\/convenio-cecoval\/","og_site_name":"Efigestia","article_publisher":"https:\/\/www.facebook.com\/efigestia","article_modified_time":"2023-09-26T09:02:41+00:00","og_image":[{"width":257,"height":196,"url":"https:\/\/efigestia.com\/wp-content\/uploads\/2023\/07\/images.jpeg","type":"image\/jpeg"}],"twitter_card":"summary_large_image","twitter_site":"@Efigestia","twitter_misc":{"Estimated reading time":"2 minutes"},"schema":{"@context":"https:\/\/schema.org","@graph":[{"@type":"WebPage","@id":"https:\/\/efigestia.com\/servicios\/bpo-outsourcing\/convenio-cecoval\/","url":"https:\/\/efigestia.com\/servicios\/bpo-outsourcing\/convenio-cecoval\/","name":"Convenio Cecoval - Efigestia","isPartOf":{"@id":"https:\/\/efigestia.com\/#website"},"primaryImageOfPage":{"@id":"https:\/\/efigestia.com\/servicios\/bpo-outsourcing\/convenio-cecoval\/#primaryimage"},"image":{"@id":"https:\/\/efigestia.com\/servicios\/bpo-outsourcing\/convenio-cecoval\/#primaryimage"},"thumbnailUrl":"https:\/\/efigestia.com\/wp-content\/uploads\/2023\/07\/images.jpeg","datePublished":"2023-09-26T08:49:52+00:00","dateModified":"2023-09-26T09:02:41+00:00","breadcrumb":{"@id":"https:\/\/efigestia.com\/servicios\/bpo-outsourcing\/convenio-cecoval\/#breadcrumb"},"inLanguage":"en-GB","potentialAction":[{"@type":"ReadAction","target":["https:\/\/efigestia.com\/servicios\/bpo-outsourcing\/convenio-cecoval\/"]}]},{"@type":"ImageObject","inLanguage":"en-GB","@id":"https:\/\/efigestia.com\/servicios\/bpo-outsourcing\/convenio-cecoval\/#primaryimage","url":"https:\/\/efigestia.com\/wp-content\/uploads\/2023\/07\/images.jpeg","contentUrl":"https:\/\/efigestia.com\/wp-content\/uploads\/2023\/07\/images.jpeg","width":257,"height":196,"caption":"Estrategias y T\u00e9cnicas de Marketing Online"},{"@type":"BreadcrumbList","@id":"https:\/\/efigestia.com\/servicios\/bpo-outsourcing\/convenio-cecoval\/#breadcrumb","itemListElement":[{"@type":"ListItem","position":1,"name":"Portada","item":"https:\/\/efigestia.com\/"},{"@type":"ListItem","position":2,"name":"Servicios","item":"https:\/\/efigestia.com\/servicios\/"},{"@type":"ListItem","position":3,"name":"BPO-Outsourcing","item":"https:\/\/efigestia.com\/servicios\/bpo-outsourcing\/"},{"@type":"ListItem","position":4,"name":"Convenio Cecoval"}]},{"@type":"WebSite","@id":"https:\/\/efigestia.com\/#website","url":"https:\/\/efigestia.com\/","name":"Efigestia.com","description":"Consultor\u00eda y asesoramiento Internacional","publisher":{"@id":"https:\/\/efigestia.com\/#organization"},"potentialAction":[{"@type":"SearchAction","target":{"@type":"EntryPoint","urlTemplate":"https:\/\/efigestia.com\/?s={search_term_string}"},"query-input":{"@type":"PropertyValueSpecification","valueRequired":true,"valueName":"search_term_string"}}],"inLanguage":"en-GB"},{"@type":"Organization","@id":"https:\/\/efigestia.com\/#organization","name":"Ephigestia SL","alternateName":"Consultoria estrat\u00e9gica","url":"https:\/\/efigestia.com\/","logo":{"@type":"ImageObject","inLanguage":"en-GB","@id":"https:\/\/efigestia.com\/#\/schema\/logo\/image\/","url":"https:\/\/efigestia.com\/wp-content\/uploads\/2023\/07\/logo_efigestia-1.png","contentUrl":"https:\/\/efigestia.com\/wp-content\/uploads\/2023\/07\/logo_efigestia-1.png","width":2274,"height":617,"caption":"Efigestia S.L"},"image":{"@id":"https:\/\/efigestia.com\/#\/schema\/logo\/image\/"},"sameAs":["https:\/\/www.facebook.com\/efigestia","https:\/\/x.com\/Efigestia"]}]}},"_links":{"self":[{"href":"https:\/\/efigestia.com\/en\/wp-json\/wp\/v2\/pages\/3242","targetHints":{"allow":["GET"]}}],"collection":[{"href":"https:\/\/efigestia.com\/en\/wp-json\/wp\/v2\/pages"}],"about":[{"href":"https:\/\/efigestia.com\/en\/wp-json\/wp\/v2\/types\/page"}],"author":[{"embeddable":true,"href":"https:\/\/efigestia.com\/en\/wp-json\/wp\/v2\/users\/1"}],"replies":[{"embeddable":true,"href":"https:\/\/efigestia.com\/en\/wp-json\/wp\/v2\/comments?post=3242"}],"version-history":[{"count":5,"href":"https:\/\/efigestia.com\/en\/wp-json\/wp\/v2\/pages\/3242\/revisions"}],"predecessor-version":[{"id":3250,"href":"https:\/\/efigestia.com\/en\/wp-json\/wp\/v2\/pages\/3242\/revisions\/3250"}],"up":[{"embeddable":true,"href":"https:\/\/efigestia.com\/en\/wp-json\/wp\/v2\/pages\/3138"}],"wp:featuredmedia":[{"embeddable":true,"href":"https:\/\/efigestia.com\/en\/wp-json\/wp\/v2\/media\/184"}],"wp:attachment":[{"href":"https:\/\/efigestia.com\/en\/wp-json\/wp\/v2\/media?parent=3242"}],"curies":[{"name":"wp","href":"https:\/\/api.w.org\/{rel}","templated":true}]}}