{"id":2872,"date":"2023-09-14T09:28:31","date_gmt":"2023-09-14T09:28:31","guid":{"rendered":"https:\/\/efigestia.com\/?page_id=2872"},"modified":"2023-09-14T09:32:07","modified_gmt":"2023-09-14T09:32:07","slug":"accesibilidad","status":"publish","type":"page","link":"https:\/\/efigestia.com\/en\/accesibilidad\/","title":{"rendered":"Accessibility"},"content":{"rendered":"<div data-elementor-type=\"wp-page\" data-elementor-id=\"2872\" class=\"elementor elementor-2872\" data-elementor-post-type=\"page\">\n\t\t\t\t\t\t<section class=\"elementor-section elementor-top-section elementor-element elementor-element-7f43489 elementor-section-boxed elementor-section-height-default elementor-section-height-default\" data-id=\"7f43489\" data-element_type=\"section\" data-e-type=\"section\">\n\t\t\t\t\t\t<div class=\"elementor-container elementor-column-gap-default\">\n\t\t\t\t\t<div class=\"elementor-column elementor-col-100 elementor-top-column elementor-element elementor-element-f5af22f\" data-id=\"f5af22f\" data-element_type=\"column\" data-e-type=\"column\">\n\t\t\t<div class=\"elementor-widget-wrap elementor-element-populated\">\n\t\t\t\t\t\t<div class=\"elementor-element elementor-element-48310e4 elementor-widget elementor-widget-text-editor\" data-id=\"48310e4\" data-element_type=\"widget\" data-e-type=\"widget\" data-widget_type=\"text-editor.default\">\n\t\t\t\t<div class=\"elementor-widget-container\">\n\t\t\t\t\t\t\t\t\t<header class=\"entry-header\"><h1 class=\"entry-title\">Accessibility<\/h1><\/header><div class=\"entry-content\"><div class=\"elementor-element elementor-element-398b7f4 elementor-widget elementor-widget-heading\" data-id=\"398b7f4\" data-element_type=\"widget\" data-widget_type=\"heading.default\"><div class=\"elementor-widget-container\"><h2 class=\"elementor-heading-title elementor-size-default\">ACCESSIBILITY STATEMENT<\/h2><\/div><\/div><div class=\"elementor-element elementor-element-d68eaf4 elementor-widget elementor-widget-text-editor\" data-id=\"d68eaf4\" data-element_type=\"widget\" data-widget_type=\"text-editor.default\"><div class=\"elementor-widget-container\"><div accesskey=\"1\" class=\"row row-news\"><div class=\"container\"><h1 id=\"h1Title\">\u00a0<\/h1><\/div><\/div><div id=\"ContentDetail\" class=\"row row-wrapper-content\"><div class=\"container\"><div id=\"MainContent\" class=\"column-content colum-content-news\"><p>Efigestia SL has committed to making this website accessible in accordance with the <a title=\"See BOE. Royal Decree 1112\/2018\" role=\"link\" href=\"https:\/\/www.boe.es\/diario_boe\/txt.php?id=BOE-A-2018-12699\">Royal Decree 1112\/2018<\/a>, of\u00a0<em>September 7, on accessibility of public sector websites and applications for mobile devices<\/em>.<\/p><h2>Compliance status<\/h2><p>This website is\u00a0<strong>partially compliant<\/strong>\u00a0with the\u00a0<a title=\"See BOE. Royal Decree 1112\/2018\" role=\"link\" href=\"https:\/\/www.boe.es\/diario_boe\/txt.php?id=BOE-A-2018-12699\">RD 1112\/2018<\/a>\u00a0due to the exceptions and lack of conformity of the aspects indicated below.<\/p><h2>Content not accessible<\/h2><p>The content collected below is not accessible due to the following:<\/p><ul><li><strong>Lack of compliance with RD 1112\/2018<\/strong><ul><li>Due to the automation of some of the publications, there could be pages with incorrect nesting of HTML tags<\/li><\/ul><\/li><li><strong>Disproportionate burden<\/strong><br \/>Does not apply<\/li><\/ul><h2>Preparation of this accessibility statement<\/h2><p>This accessibility statement was prepared on 09\/01\/2023<\/p><p>The method used for this declaration has been a self-assessment carried out by the Ministry.<\/p><p>Observations and contact information<\/p><p>Can do\u00a0<strong>communications<\/strong>\u00a0on accessibility requirements (article 10.2.a of RD 1112\/2018) such as:<\/p><ul><li>report any possible non-compliance by this website<\/li><li>transmit other\u00a0<strong>access difficulties<\/strong>\u00a0to the content<\/li><li>formulate any other\u00a0<strong>query or suggestion for improvement<\/strong>\u00a0regarding website accessibility<\/li><\/ul><p>through the\u00a0<a title=\"Contact Form\" role=\"link\" href=\"https:\/\/efigestia.com\/contact\/\">Contact Form<\/a>\u00a0of this website.<\/p><h2>Optional content<\/h2><p>This website:<\/p><ul><li>It has been designed to adapt to current standards and regulations in relation to accessibility, complying with the priority 2 (AA) verification points defined in the Web Content Accessibility Guidelines specification (WCAG 2.1).<\/li><li>complies with the requirements of Standard UNE-EN 301549:2019, considering the exceptions of Royal Decree 1112\/2018<\/li><li>It is designed for correct viewing on desktop, tablet and mobile devices for a minimum resolution of 1280\u00d71024<\/li><li>It has been made using HTML5 as a markup language and CSS 3 style sheets for its design.<\/li><li>is designed for use with non-intrusive javascript offering, in the event that your browser does not support it, its corresponding non-javascript alternative<\/li><\/ul><h3>Text size<\/h3><p>Fonts with relative sizes have been used so that if the user prefers a larger font they can select it through the text size options of their browser, generally\u00a0<strong><em>Ctrl+<\/em><\/strong>\u00a0(control plus) to expand,\u00a0<strong><em>Ctrl-<\/em><\/strong>\u00a0(control minus) to reduce.<\/p><h3>Structure of the pages<\/h3><p>This portal is designed with a common format for all pages so that familiarization with their content is simple to achieve better navigation for people who need\u00a0<em>Technical help<\/em>.<\/p><p>The pages are made up, broadly speaking, of the following areas:<\/p><ul><li><strong><em>Headboard<\/em><\/strong>, with access to the home page, contact form, access to the co-official and English versions and an advanced search engine<\/li><li><strong><em>Main navigation menu<\/em><\/strong>, with the main options of the web<\/li><li><strong><em>Central content area<\/em><\/strong>\u00a0which will vary depending on whether the page is the main page of the site, a subhome, summary, document or advanced search engine.<\/li><li><strong><em>Foot<\/em><\/strong>, which includes the information of Efigestia SL<\/li><\/ul><\/div><\/div><\/div><\/div><\/div><\/div>\t\t\t\t\t\t\t\t<\/div>\n\t\t\t\t<\/div>\n\t\t\t\t\t<\/div>\n\t\t<\/div>\n\t\t\t\t\t<\/div>\n\t\t<\/section>\n\t\t\t\t<\/div>","protected":false},"excerpt":{"rendered":"<p>Accesibilidad DECLARACI\u00d3N DE ACCESIBILIDAD \u00a0 Efigestia S.L se ha comprometido a hacer accesible este sitio web de conformidad con el Real Decreto 1112\/2018, de\u00a07 de septiembre, sobre accesibilidad de los sitios web y aplicaciones para dispositivos m\u00f3viles del sector p\u00fablico. Situaci\u00f3n de cumplimiento Este sitio web es\u00a0parcialmente conforme\u00a0con el\u00a0RD 1112\/2018\u00a0debido a las excepciones y a [&hellip;]<\/p>","protected":false},"author":1,"featured_media":0,"parent":0,"menu_order":0,"comment_status":"closed","ping_status":"closed","template":"elementor_header_footer","meta":{"footnotes":""},"class_list":["post-2872","page","type-page","status-publish","hentry"],"yoast_head":"<!-- This site is optimized with the Yoast SEO plugin v26.3 - https:\/\/yoast.com\/wordpress\/plugins\/seo\/ -->\n<title>Accesibilidad - Efigestia<\/title>\n<meta name=\"robots\" content=\"index, follow, max-snippet:-1, max-image-preview:large, max-video-preview:-1\" \/>\n<link rel=\"canonical\" href=\"https:\/\/efigestia.com\/en\/accesibilidad\/\" \/>\n<meta property=\"og:locale\" content=\"en_GB\" \/>\n<meta property=\"og:type\" content=\"article\" \/>\n<meta property=\"og:title\" content=\"Accesibilidad - Efigestia\" \/>\n<meta property=\"og:description\" content=\"Accesibilidad DECLARACI\u00d3N DE ACCESIBILIDAD \u00a0 Efigestia S.L se ha comprometido a hacer accesible este sitio web de conformidad con el Real Decreto 1112\/2018, de\u00a07 de septiembre, sobre accesibilidad de los sitios web y aplicaciones para dispositivos m\u00f3viles del sector p\u00fablico. Situaci\u00f3n de cumplimiento Este sitio web es\u00a0parcialmente conforme\u00a0con el\u00a0RD 1112\/2018\u00a0debido a las excepciones y a [&hellip;]\" \/>\n<meta property=\"og:url\" content=\"https:\/\/efigestia.com\/en\/accesibilidad\/\" \/>\n<meta property=\"og:site_name\" content=\"Efigestia\" \/>\n<meta property=\"article:publisher\" content=\"https:\/\/www.facebook.com\/efigestia\" \/>\n<meta property=\"article:modified_time\" content=\"2023-09-14T09:32:07+00:00\" \/>\n<meta name=\"twitter:card\" content=\"summary_large_image\" \/>\n<meta name=\"twitter:site\" content=\"@Efigestia\" \/>\n<meta name=\"twitter:label1\" content=\"Estimated reading time\" \/>\n\t<meta name=\"twitter:data1\" content=\"3 minutes\" \/>\n<script type=\"application\/ld+json\" class=\"yoast-schema-graph\">{\"@context\":\"https:\/\/schema.org\",\"@graph\":[{\"@type\":\"WebPage\",\"@id\":\"https:\/\/efigestia.com\/accesibilidad\/\",\"url\":\"https:\/\/efigestia.com\/accesibilidad\/\",\"name\":\"Accesibilidad - Efigestia\",\"isPartOf\":{\"@id\":\"https:\/\/efigestia.com\/#website\"},\"datePublished\":\"2023-09-14T09:28:31+00:00\",\"dateModified\":\"2023-09-14T09:32:07+00:00\",\"breadcrumb\":{\"@id\":\"https:\/\/efigestia.com\/accesibilidad\/#breadcrumb\"},\"inLanguage\":\"en-GB\",\"potentialAction\":[{\"@type\":\"ReadAction\",\"target\":[\"https:\/\/efigestia.com\/accesibilidad\/\"]}]},{\"@type\":\"BreadcrumbList\",\"@id\":\"https:\/\/efigestia.com\/accesibilidad\/#breadcrumb\",\"itemListElement\":[{\"@type\":\"ListItem\",\"position\":1,\"name\":\"Portada\",\"item\":\"https:\/\/efigestia.com\/\"},{\"@type\":\"ListItem\",\"position\":2,\"name\":\"Accesibilidad\"}]},{\"@type\":\"WebSite\",\"@id\":\"https:\/\/efigestia.com\/#website\",\"url\":\"https:\/\/efigestia.com\/\",\"name\":\"Efigestia.com\",\"description\":\"Consultor\u00eda y asesoramiento Internacional\",\"publisher\":{\"@id\":\"https:\/\/efigestia.com\/#organization\"},\"potentialAction\":[{\"@type\":\"SearchAction\",\"target\":{\"@type\":\"EntryPoint\",\"urlTemplate\":\"https:\/\/efigestia.com\/?s={search_term_string}\"},\"query-input\":{\"@type\":\"PropertyValueSpecification\",\"valueRequired\":true,\"valueName\":\"search_term_string\"}}],\"inLanguage\":\"en-GB\"},{\"@type\":\"Organization\",\"@id\":\"https:\/\/efigestia.com\/#organization\",\"name\":\"Efigestia S.L\",\"alternateName\":\"Consultoria estrat\u00e9gica\",\"url\":\"https:\/\/efigestia.com\/\",\"logo\":{\"@type\":\"ImageObject\",\"inLanguage\":\"en-GB\",\"@id\":\"https:\/\/efigestia.com\/#\/schema\/logo\/image\/\",\"url\":\"https:\/\/efigestia.com\/wp-content\/uploads\/2023\/07\/logo_efigestia-1.png\",\"contentUrl\":\"https:\/\/efigestia.com\/wp-content\/uploads\/2023\/07\/logo_efigestia-1.png\",\"width\":2274,\"height\":617,\"caption\":\"Efigestia S.L\"},\"image\":{\"@id\":\"https:\/\/efigestia.com\/#\/schema\/logo\/image\/\"},\"sameAs\":[\"https:\/\/www.facebook.com\/efigestia\",\"https:\/\/x.com\/Efigestia\"]}]}<\/script>\n<!-- \/ Yoast SEO plugin. -->","yoast_head_json":{"title":"Accesibilidad - Efigestia","robots":{"index":"index","follow":"follow","max-snippet":"max-snippet:-1","max-image-preview":"max-image-preview:large","max-video-preview":"max-video-preview:-1"},"canonical":"https:\/\/efigestia.com\/en\/accesibilidad\/","og_locale":"en_GB","og_type":"article","og_title":"Accesibilidad - Efigestia","og_description":"Accesibilidad DECLARACI\u00d3N DE ACCESIBILIDAD \u00a0 Efigestia S.L se ha comprometido a hacer accesible este sitio web de conformidad con el Real Decreto 1112\/2018, de\u00a07 de septiembre, sobre accesibilidad de los sitios web y aplicaciones para dispositivos m\u00f3viles del sector p\u00fablico. Situaci\u00f3n de cumplimiento Este sitio web es\u00a0parcialmente conforme\u00a0con el\u00a0RD 1112\/2018\u00a0debido a las excepciones y a [&hellip;]","og_url":"https:\/\/efigestia.com\/en\/accesibilidad\/","og_site_name":"Efigestia","article_publisher":"https:\/\/www.facebook.com\/efigestia","article_modified_time":"2023-09-14T09:32:07+00:00","twitter_card":"summary_large_image","twitter_site":"@Efigestia","twitter_misc":{"Estimated reading time":"3 minutes"},"schema":{"@context":"https:\/\/schema.org","@graph":[{"@type":"WebPage","@id":"https:\/\/efigestia.com\/accesibilidad\/","url":"https:\/\/efigestia.com\/accesibilidad\/","name":"Accesibilidad - Efigestia","isPartOf":{"@id":"https:\/\/efigestia.com\/#website"},"datePublished":"2023-09-14T09:28:31+00:00","dateModified":"2023-09-14T09:32:07+00:00","breadcrumb":{"@id":"https:\/\/efigestia.com\/accesibilidad\/#breadcrumb"},"inLanguage":"en-GB","potentialAction":[{"@type":"ReadAction","target":["https:\/\/efigestia.com\/accesibilidad\/"]}]},{"@type":"BreadcrumbList","@id":"https:\/\/efigestia.com\/accesibilidad\/#breadcrumb","itemListElement":[{"@type":"ListItem","position":1,"name":"Portada","item":"https:\/\/efigestia.com\/"},{"@type":"ListItem","position":2,"name":"Accesibilidad"}]},{"@type":"WebSite","@id":"https:\/\/efigestia.com\/#website","url":"https:\/\/efigestia.com\/","name":"Efigestia.com","description":"Consultor\u00eda y asesoramiento Internacional","publisher":{"@id":"https:\/\/efigestia.com\/#organization"},"potentialAction":[{"@type":"SearchAction","target":{"@type":"EntryPoint","urlTemplate":"https:\/\/efigestia.com\/?s={search_term_string}"},"query-input":{"@type":"PropertyValueSpecification","valueRequired":true,"valueName":"search_term_string"}}],"inLanguage":"en-GB"},{"@type":"Organization","@id":"https:\/\/efigestia.com\/#organization","name":"Ephigestia SL","alternateName":"Consultoria estrat\u00e9gica","url":"https:\/\/efigestia.com\/","logo":{"@type":"ImageObject","inLanguage":"en-GB","@id":"https:\/\/efigestia.com\/#\/schema\/logo\/image\/","url":"https:\/\/efigestia.com\/wp-content\/uploads\/2023\/07\/logo_efigestia-1.png","contentUrl":"https:\/\/efigestia.com\/wp-content\/uploads\/2023\/07\/logo_efigestia-1.png","width":2274,"height":617,"caption":"Efigestia S.L"},"image":{"@id":"https:\/\/efigestia.com\/#\/schema\/logo\/image\/"},"sameAs":["https:\/\/www.facebook.com\/efigestia","https:\/\/x.com\/Efigestia"]}]}},"_links":{"self":[{"href":"https:\/\/efigestia.com\/en\/wp-json\/wp\/v2\/pages\/2872","targetHints":{"allow":["GET"]}}],"collection":[{"href":"https:\/\/efigestia.com\/en\/wp-json\/wp\/v2\/pages"}],"about":[{"href":"https:\/\/efigestia.com\/en\/wp-json\/wp\/v2\/types\/page"}],"author":[{"embeddable":true,"href":"https:\/\/efigestia.com\/en\/wp-json\/wp\/v2\/users\/1"}],"replies":[{"embeddable":true,"href":"https:\/\/efigestia.com\/en\/wp-json\/wp\/v2\/comments?post=2872"}],"version-history":[{"count":10,"href":"https:\/\/efigestia.com\/en\/wp-json\/wp\/v2\/pages\/2872\/revisions"}],"predecessor-version":[{"id":2883,"href":"https:\/\/efigestia.com\/en\/wp-json\/wp\/v2\/pages\/2872\/revisions\/2883"}],"wp:attachment":[{"href":"https:\/\/efigestia.com\/en\/wp-json\/wp\/v2\/media?parent=2872"}],"curies":[{"name":"wp","href":"https:\/\/api.w.org\/{rel}","templated":true}]}}