{"id":2870,"date":"2023-09-13T17:51:49","date_gmt":"2023-09-13T17:51:49","guid":{"rendered":"https:\/\/efigestia.com\/?page_id=2870"},"modified":"2023-09-21T09:10:26","modified_gmt":"2023-09-21T09:10:26","slug":"como-podemos-gestionar-tus-licitaciones-nacionales","status":"publish","type":"page","link":"https:\/\/efigestia.com\/en\/servicios\/te-gestionamos-las-licitaciones-nacionales-e-internacionales\/como-podemos-gestionar-tus-licitaciones-nacionales\/","title":{"rendered":"How can we manage your national tenders?"},"content":{"rendered":"<div data-elementor-type=\"wp-page\" data-elementor-id=\"2870\" class=\"elementor elementor-2870\" data-elementor-post-type=\"page\">\n\t\t\t\t\t\t<section class=\"elementor-section elementor-top-section elementor-element elementor-element-53933eb3 elementor-section-full_width elementor-section-height-min-height elementor-section-height-default elementor-section-items-middle\" data-id=\"53933eb3\" data-element_type=\"section\" data-e-type=\"section\">\n\t\t\t\t\t\t<div class=\"elementor-container elementor-column-gap-default\">\n\t\t\t\t\t<div class=\"elementor-column elementor-col-100 elementor-top-column elementor-element elementor-element-2a201efe\" data-id=\"2a201efe\" data-element_type=\"column\" data-e-type=\"column\">\n\t\t\t<div class=\"elementor-widget-wrap elementor-element-populated\">\n\t\t\t\t\t\t<div class=\"elementor-element elementor-element-419a95d0 elementor-widget elementor-widget-insur-main-slider\" data-id=\"419a95d0\" data-element_type=\"widget\" data-e-type=\"widget\" data-widget_type=\"insur-main-slider.default\">\n\t\t\t\t<div class=\"elementor-widget-container\">\n\t\t\t\t\t    <!--Main Slider Start-->\r\n    <section class=\"main-slider-three clearfix\">\r\n        <div class=\"swiper-container thm-swiper__slider\" data-swiper-options='{\"slidesPerView\": 1,             \"loop\": false,            \"effect\": \"fade\",            \"pagination\": {            \"el\": \"#main-slider-pagination\",            \"type\": \"bullets\",            \"clickable\": true            },            \"navigation\": {            \"nextEl\": \"#main-slider__swiper-button-next\",            \"prevEl\": \"#main-slider__swiper-button-prev\"            },            \"autoplay\": {            \"delay\": 5000            }}'>\r\n            <div class=\"swiper-wrapper\">\r\n                                    <div class=\"swiper-slide\">\r\n                        <div class=\"image-layer-three\" style=\"background-image: url(https:\/\/efigestia.com\/wp-content\/uploads\/2023\/03\/get-insurance-three-bg.png);\"><\/div>\r\n                        <!-- \/.image-layer -->\r\n\r\n                        <div class=\"container\">\r\n                            <div class=\"row\">\r\n                                <div class=\"col-xl-12\">\r\n                                    <div class=\"main-slider-three__content\">\r\n                                                                                    <h2 class=\"main-slider-three__title\">\u00bfC\u00f3mo podemos gestionar las licitaciones nacionales?<\/h2>\r\n                                                                                                                            <p class=\"main-slider-three__text\">Nacionales <\/p>\r\n                                                                                                                            <div class=\"main-slider-three__btn-box\">\r\n                                                <a target=\"_blank\" href=\"#\" class=\"thm-btn main-slider-three__btn\">\r\n                                                    Contact us                                                <\/a>\r\n                                            <\/div>\r\n                                                                            <\/div>\r\n                                <\/div>\r\n                            <\/div>\r\n                        <\/div>\r\n                    <\/div>\r\n                            <\/div>\r\n                    <\/div>\r\n    <\/section>\r\n    <!--Main Slider End-->\r\n\t\t\t\t<\/div>\n\t\t\t\t<\/div>\n\t\t\t\t\t<\/div>\n\t\t<\/div>\n\t\t\t\t\t<\/div>\n\t\t<\/section>\n\t\t\t\t<section class=\"elementor-section elementor-top-section elementor-element elementor-element-7fde162 elementor-section-boxed elementor-section-height-default elementor-section-height-default\" data-id=\"7fde162\" data-element_type=\"section\" data-e-type=\"section\">\n\t\t\t\t\t\t<div class=\"elementor-container elementor-column-gap-default\">\n\t\t\t\t\t<div class=\"elementor-column elementor-col-100 elementor-top-column elementor-element elementor-element-bc09d90\" data-id=\"bc09d90\" data-element_type=\"column\" data-e-type=\"column\">\n\t\t\t<div class=\"elementor-widget-wrap elementor-element-populated\">\n\t\t\t\t\t\t<div class=\"elementor-element elementor-element-3178502 elementor-widget elementor-widget-text-editor\" data-id=\"3178502\" data-element_type=\"widget\" data-e-type=\"widget\" data-widget_type=\"text-editor.default\">\n\t\t\t\t<div class=\"elementor-widget-container\">\n\t\t\t\t\t\t\t\t\t<p>A trav\u00e9s de nuestras gestiones ponemos<strong>\u00a0al alcance de cualquier empresa espa\u00f1ola\u00a0<\/strong>de bienes y\/o servicios el mercado de la administraci\u00f3n p\u00fablica en Espa\u00f1a.<\/p><p>\u00a0<\/p><p>Las Administraciones P\u00fablicas de nuestro pa\u00eds publican regularmente un n\u00famero enorme de concursos p\u00fablicos y licitaciones por un volumen total de presupuesto anual muy importante. Para poder prestar servicios o ejecutar trabajos para una administraci\u00f3n p\u00fablica es preciso cumplir con una serie de requisitos si el presupuesto de licitaci\u00f3n supera los 200.000 \u20ac para el sector servicios o los 500.000 \u20ac para el sector de obras.<\/p><p>\u00a0<\/p><p>Estos tienen que ver con el hecho de que tenemos que acreditar que la empresa es capaz de realizar este tipo de servicios o trabajos, bien sea porque ya hemos realizado algunos parecidos con satisfacci\u00f3n por parte del cliente, porque tenemos la capacidad t\u00e9cnica para poderlos hacer o que tenemos el equipamiento necesario para realizarlos.<\/p><p>Todo ello hace que tengamos que ser \u201chomologados\u201d por parte de la administraci\u00f3n y por tanto seguir un proceso de an\u00e1lisis de todos estos tipos de experiencias y\/o capacidades. A esto se le llamada proceso de clasificaci\u00f3n ya que las empresas son ordenadas en grupos y subgrupos de actividades y determina el tipo de concurso al que se puede acceder o participar en funci\u00f3n a tus capacidades t\u00e9cnicas y financieras y de la actividad de la empresa.<\/p><p>\u00a0<\/p><p>Para clasificarse, lo primero que es preciso analizar qu\u00e9 tipo de actividad es la que queremos que se nos \u201chomologue\u201d. Despu\u00e9s de ver el tipo de clasificaci\u00f3n que corresponde a nuestra actividad y experiencia veremos que documentaci\u00f3n e informaci\u00f3n es preciso elaborar para poder ser finalmente beneficiario de la CLASIFICACI\u00d3N COMO PROVEEDOR.<\/p><p>\u00a0<\/p><p>A partir de este momento podremos participar en cualquier licitaci\u00f3n p\u00fablica con todas las garant\u00edas y sin necesidad de tener que acreditar mucha informaci\u00f3n \/documentaci\u00f3n que la administraci\u00f3n ya no precisa. Esto hace que los procesos sean m\u00e1s r\u00e1pidos y permitan a la administraci\u00f3n poder elegir un proveedor de garant\u00edas.<\/p><p>\u00a0<\/p><p>Desde EFIGESTIA podemos ocuparnos de:<\/p>\t\t\t\t\t\t\t\t<\/div>\n\t\t\t\t<\/div>\n\t\t\t\t<div class=\"elementor-element elementor-element-df5f81a elementor-icon-list--layout-traditional elementor-list-item-link-full_width elementor-widget elementor-widget-icon-list\" data-id=\"df5f81a\" data-element_type=\"widget\" data-e-type=\"widget\" data-widget_type=\"icon-list.default\">\n\t\t\t\t<div class=\"elementor-widget-container\">\n\t\t\t\t\t\t\t<ul class=\"elementor-icon-list-items\">\n\t\t\t\t\t\t\t<li class=\"elementor-icon-list-item\">\n\t\t\t\t\t\t\t\t\t\t\t<span class=\"elementor-icon-list-icon\">\n\t\t\t\t\t\t\t<i aria-hidden=\"true\" class=\"fas fa-check\"><\/i>\t\t\t\t\t\t<\/span>\n\t\t\t\t\t\t\t\t\t\t<span class=\"elementor-icon-list-text\">Clasificar a nuestro cliente en el Registro Nacional de Proveedores en el nivel adecuado a su tipo de actividad y capacidad acreditada<\/span>\n\t\t\t\t\t\t\t\t\t<\/li>\n\t\t\t\t\t\t\t\t<li class=\"elementor-icon-list-item\">\n\t\t\t\t\t\t\t\t\t\t\t<span class=\"elementor-icon-list-icon\">\n\t\t\t\t\t\t\t<i aria-hidden=\"true\" class=\"fas fa-check\"><\/i>\t\t\t\t\t\t<\/span>\n\t\t\t\t\t\t\t\t\t\t<span class=\"elementor-icon-list-text\">Monitorizar las licitaciones en funci\u00f3n a los perfiles de nuestros clientes. <\/span>\n\t\t\t\t\t\t\t\t\t<\/li>\n\t\t\t\t\t\t\t\t<li class=\"elementor-icon-list-item\">\n\t\t\t\t\t\t\t\t\t\t\t<span class=\"elementor-icon-list-icon\">\n\t\t\t\t\t\t\t<i aria-hidden=\"true\" class=\"fas fa-check\"><\/i>\t\t\t\t\t\t<\/span>\n\t\t\t\t\t\t\t\t\t\t<span class=\"elementor-icon-list-text\">Analizamos sistem\u00e1ticamente si los resultados obtenidos se ajustan a las necesidades, capacidades u objetivos de nuestros clientes.<\/span>\n\t\t\t\t\t\t\t\t\t<\/li>\n\t\t\t\t\t\t\t\t<li class=\"elementor-icon-list-item\">\n\t\t\t\t\t\t\t\t\t\t\t<span class=\"elementor-icon-list-icon\">\n\t\t\t\t\t\t\t<i aria-hidden=\"true\" class=\"fas fa-check\"><\/i>\t\t\t\t\t\t<\/span>\n\t\t\t\t\t\t\t\t\t\t<span class=\"elementor-icon-list-text\">Conjuntamente con nuestros clientes se realizan las correspondientes ofertas en funci\u00f3n a los pliegos y condicionados de las licitaciones.<\/span>\n\t\t\t\t\t\t\t\t\t<\/li>\n\t\t\t\t\t\t<\/ul>\n\t\t\t\t\t\t<\/div>\n\t\t\t\t<\/div>\n\t\t\t\t\t<\/div>\n\t\t<\/div>\n\t\t\t\t\t<\/div>\n\t\t<\/section>\n\t\t\t\t<\/div>","protected":false},"excerpt":{"rendered":"<p>\u00bfC\u00f3mo podemos gestionar las licitaciones nacionales? Nacionales Contacta con nosotros A trav\u00e9s de nuestras gestiones ponemos\u00a0al alcance de cualquier empresa espa\u00f1ola\u00a0de bienes y\/o servicios el mercado de la administraci\u00f3n p\u00fablica en Espa\u00f1a. Las Administraciones P\u00fablicas de nuestro pa\u00eds publican regularmente un n\u00famero enorme de concursos p\u00fablicos y licitaciones por un volumen total de presupuesto anual [&hellip;]<\/p>","protected":false},"author":1,"featured_media":0,"parent":2776,"menu_order":0,"comment_status":"closed","ping_status":"closed","template":"elementor_header_footer","meta":{"footnotes":""},"class_list":["post-2870","page","type-page","status-publish","hentry"],"yoast_head":"<!-- This site is optimized with the Yoast SEO plugin v26.3 - https:\/\/yoast.com\/wordpress\/plugins\/seo\/ -->\n<title>\u00bfC\u00f3mo podemos gestionar tus licitaciones nacionales? - Efigestia<\/title>\n<meta name=\"robots\" content=\"index, follow, max-snippet:-1, max-image-preview:large, max-video-preview:-1\" \/>\n<link rel=\"canonical\" href=\"https:\/\/efigestia.com\/en\/servicios\/te-gestionamos-las-licitaciones-nacionales-e-internacionales\/como-podemos-gestionar-tus-licitaciones-nacionales\/\" \/>\n<meta property=\"og:locale\" content=\"en_GB\" \/>\n<meta property=\"og:type\" content=\"article\" \/>\n<meta property=\"og:title\" content=\"\u00bfC\u00f3mo podemos gestionar tus licitaciones nacionales? - Efigestia\" \/>\n<meta property=\"og:description\" content=\"\u00bfC\u00f3mo podemos gestionar las licitaciones nacionales? Nacionales Contacta con nosotros A trav\u00e9s de nuestras gestiones ponemos\u00a0al alcance de cualquier empresa espa\u00f1ola\u00a0de bienes y\/o servicios el mercado de la administraci\u00f3n p\u00fablica en Espa\u00f1a. Las Administraciones P\u00fablicas de nuestro pa\u00eds publican regularmente un n\u00famero enorme de concursos p\u00fablicos y licitaciones por un volumen total de presupuesto anual [&hellip;]\" \/>\n<meta property=\"og:url\" content=\"https:\/\/efigestia.com\/en\/servicios\/te-gestionamos-las-licitaciones-nacionales-e-internacionales\/como-podemos-gestionar-tus-licitaciones-nacionales\/\" \/>\n<meta property=\"og:site_name\" content=\"Efigestia\" \/>\n<meta property=\"article:publisher\" content=\"https:\/\/www.facebook.com\/efigestia\" \/>\n<meta property=\"article:modified_time\" content=\"2023-09-21T09:10:26+00:00\" \/>\n<meta name=\"twitter:card\" content=\"summary_large_image\" \/>\n<meta name=\"twitter:site\" content=\"@Efigestia\" \/>\n<meta name=\"twitter:label1\" content=\"Estimated reading time\" \/>\n\t<meta name=\"twitter:data1\" content=\"2 minutes\" \/>\n<script type=\"application\/ld+json\" class=\"yoast-schema-graph\">{\"@context\":\"https:\/\/schema.org\",\"@graph\":[{\"@type\":\"WebPage\",\"@id\":\"https:\/\/efigestia.com\/servicios\/te-gestionamos-las-licitaciones-nacionales-e-internacionales\/como-podemos-gestionar-tus-licitaciones-nacionales\/\",\"url\":\"https:\/\/efigestia.com\/servicios\/te-gestionamos-las-licitaciones-nacionales-e-internacionales\/como-podemos-gestionar-tus-licitaciones-nacionales\/\",\"name\":\"\u00bfC\u00f3mo podemos gestionar tus licitaciones nacionales? - Efigestia\",\"isPartOf\":{\"@id\":\"https:\/\/efigestia.com\/#website\"},\"datePublished\":\"2023-09-13T17:51:49+00:00\",\"dateModified\":\"2023-09-21T09:10:26+00:00\",\"breadcrumb\":{\"@id\":\"https:\/\/efigestia.com\/servicios\/te-gestionamos-las-licitaciones-nacionales-e-internacionales\/como-podemos-gestionar-tus-licitaciones-nacionales\/#breadcrumb\"},\"inLanguage\":\"en-GB\",\"potentialAction\":[{\"@type\":\"ReadAction\",\"target\":[\"https:\/\/efigestia.com\/servicios\/te-gestionamos-las-licitaciones-nacionales-e-internacionales\/como-podemos-gestionar-tus-licitaciones-nacionales\/\"]}]},{\"@type\":\"BreadcrumbList\",\"@id\":\"https:\/\/efigestia.com\/servicios\/te-gestionamos-las-licitaciones-nacionales-e-internacionales\/como-podemos-gestionar-tus-licitaciones-nacionales\/#breadcrumb\",\"itemListElement\":[{\"@type\":\"ListItem\",\"position\":1,\"name\":\"Portada\",\"item\":\"https:\/\/efigestia.com\/\"},{\"@type\":\"ListItem\",\"position\":2,\"name\":\"Servicios\",\"item\":\"https:\/\/efigestia.com\/servicios\/\"},{\"@type\":\"ListItem\",\"position\":3,\"name\":\"Te gestionamos las Licitaciones Nacionales e Internacionales\",\"item\":\"https:\/\/efigestia.com\/servicios\/te-gestionamos-las-licitaciones-nacionales-e-internacionales\/\"},{\"@type\":\"ListItem\",\"position\":4,\"name\":\"\u00bfC\u00f3mo podemos gestionar tus licitaciones nacionales?\"}]},{\"@type\":\"WebSite\",\"@id\":\"https:\/\/efigestia.com\/#website\",\"url\":\"https:\/\/efigestia.com\/\",\"name\":\"Efigestia.com\",\"description\":\"Consultor\u00eda y asesoramiento Internacional\",\"publisher\":{\"@id\":\"https:\/\/efigestia.com\/#organization\"},\"potentialAction\":[{\"@type\":\"SearchAction\",\"target\":{\"@type\":\"EntryPoint\",\"urlTemplate\":\"https:\/\/efigestia.com\/?s={search_term_string}\"},\"query-input\":{\"@type\":\"PropertyValueSpecification\",\"valueRequired\":true,\"valueName\":\"search_term_string\"}}],\"inLanguage\":\"en-GB\"},{\"@type\":\"Organization\",\"@id\":\"https:\/\/efigestia.com\/#organization\",\"name\":\"Efigestia S.L\",\"alternateName\":\"Consultoria estrat\u00e9gica\",\"url\":\"https:\/\/efigestia.com\/\",\"logo\":{\"@type\":\"ImageObject\",\"inLanguage\":\"en-GB\",\"@id\":\"https:\/\/efigestia.com\/#\/schema\/logo\/image\/\",\"url\":\"https:\/\/efigestia.com\/wp-content\/uploads\/2023\/07\/logo_efigestia-1.png\",\"contentUrl\":\"https:\/\/efigestia.com\/wp-content\/uploads\/2023\/07\/logo_efigestia-1.png\",\"width\":2274,\"height\":617,\"caption\":\"Efigestia S.L\"},\"image\":{\"@id\":\"https:\/\/efigestia.com\/#\/schema\/logo\/image\/\"},\"sameAs\":[\"https:\/\/www.facebook.com\/efigestia\",\"https:\/\/x.com\/Efigestia\"]}]}<\/script>\n<!-- \/ Yoast SEO plugin. -->","yoast_head_json":{"title":"\u00bfC\u00f3mo podemos gestionar tus licitaciones nacionales? - Efigestia","robots":{"index":"index","follow":"follow","max-snippet":"max-snippet:-1","max-image-preview":"max-image-preview:large","max-video-preview":"max-video-preview:-1"},"canonical":"https:\/\/efigestia.com\/en\/servicios\/te-gestionamos-las-licitaciones-nacionales-e-internacionales\/como-podemos-gestionar-tus-licitaciones-nacionales\/","og_locale":"en_GB","og_type":"article","og_title":"\u00bfC\u00f3mo podemos gestionar tus licitaciones nacionales? - Efigestia","og_description":"\u00bfC\u00f3mo podemos gestionar las licitaciones nacionales? Nacionales Contacta con nosotros A trav\u00e9s de nuestras gestiones ponemos\u00a0al alcance de cualquier empresa espa\u00f1ola\u00a0de bienes y\/o servicios el mercado de la administraci\u00f3n p\u00fablica en Espa\u00f1a. Las Administraciones P\u00fablicas de nuestro pa\u00eds publican regularmente un n\u00famero enorme de concursos p\u00fablicos y licitaciones por un volumen total de presupuesto anual [&hellip;]","og_url":"https:\/\/efigestia.com\/en\/servicios\/te-gestionamos-las-licitaciones-nacionales-e-internacionales\/como-podemos-gestionar-tus-licitaciones-nacionales\/","og_site_name":"Efigestia","article_publisher":"https:\/\/www.facebook.com\/efigestia","article_modified_time":"2023-09-21T09:10:26+00:00","twitter_card":"summary_large_image","twitter_site":"@Efigestia","twitter_misc":{"Estimated reading time":"2 minutes"},"schema":{"@context":"https:\/\/schema.org","@graph":[{"@type":"WebPage","@id":"https:\/\/efigestia.com\/servicios\/te-gestionamos-las-licitaciones-nacionales-e-internacionales\/como-podemos-gestionar-tus-licitaciones-nacionales\/","url":"https:\/\/efigestia.com\/servicios\/te-gestionamos-las-licitaciones-nacionales-e-internacionales\/como-podemos-gestionar-tus-licitaciones-nacionales\/","name":"\u00bfC\u00f3mo podemos gestionar tus licitaciones nacionales? - Efigestia","isPartOf":{"@id":"https:\/\/efigestia.com\/#website"},"datePublished":"2023-09-13T17:51:49+00:00","dateModified":"2023-09-21T09:10:26+00:00","breadcrumb":{"@id":"https:\/\/efigestia.com\/servicios\/te-gestionamos-las-licitaciones-nacionales-e-internacionales\/como-podemos-gestionar-tus-licitaciones-nacionales\/#breadcrumb"},"inLanguage":"en-GB","potentialAction":[{"@type":"ReadAction","target":["https:\/\/efigestia.com\/servicios\/te-gestionamos-las-licitaciones-nacionales-e-internacionales\/como-podemos-gestionar-tus-licitaciones-nacionales\/"]}]},{"@type":"BreadcrumbList","@id":"https:\/\/efigestia.com\/servicios\/te-gestionamos-las-licitaciones-nacionales-e-internacionales\/como-podemos-gestionar-tus-licitaciones-nacionales\/#breadcrumb","itemListElement":[{"@type":"ListItem","position":1,"name":"Portada","item":"https:\/\/efigestia.com\/"},{"@type":"ListItem","position":2,"name":"Servicios","item":"https:\/\/efigestia.com\/servicios\/"},{"@type":"ListItem","position":3,"name":"Te gestionamos las Licitaciones Nacionales e Internacionales","item":"https:\/\/efigestia.com\/servicios\/te-gestionamos-las-licitaciones-nacionales-e-internacionales\/"},{"@type":"ListItem","position":4,"name":"\u00bfC\u00f3mo podemos gestionar tus licitaciones nacionales?"}]},{"@type":"WebSite","@id":"https:\/\/efigestia.com\/#website","url":"https:\/\/efigestia.com\/","name":"Efigestia.com","description":"Consultor\u00eda y asesoramiento Internacional","publisher":{"@id":"https:\/\/efigestia.com\/#organization"},"potentialAction":[{"@type":"SearchAction","target":{"@type":"EntryPoint","urlTemplate":"https:\/\/efigestia.com\/?s={search_term_string}"},"query-input":{"@type":"PropertyValueSpecification","valueRequired":true,"valueName":"search_term_string"}}],"inLanguage":"en-GB"},{"@type":"Organization","@id":"https:\/\/efigestia.com\/#organization","name":"Ephigestia SL","alternateName":"Consultoria estrat\u00e9gica","url":"https:\/\/efigestia.com\/","logo":{"@type":"ImageObject","inLanguage":"en-GB","@id":"https:\/\/efigestia.com\/#\/schema\/logo\/image\/","url":"https:\/\/efigestia.com\/wp-content\/uploads\/2023\/07\/logo_efigestia-1.png","contentUrl":"https:\/\/efigestia.com\/wp-content\/uploads\/2023\/07\/logo_efigestia-1.png","width":2274,"height":617,"caption":"Efigestia S.L"},"image":{"@id":"https:\/\/efigestia.com\/#\/schema\/logo\/image\/"},"sameAs":["https:\/\/www.facebook.com\/efigestia","https:\/\/x.com\/Efigestia"]}]}},"_links":{"self":[{"href":"https:\/\/efigestia.com\/en\/wp-json\/wp\/v2\/pages\/2870","targetHints":{"allow":["GET"]}}],"collection":[{"href":"https:\/\/efigestia.com\/en\/wp-json\/wp\/v2\/pages"}],"about":[{"href":"https:\/\/efigestia.com\/en\/wp-json\/wp\/v2\/types\/page"}],"author":[{"embeddable":true,"href":"https:\/\/efigestia.com\/en\/wp-json\/wp\/v2\/users\/1"}],"replies":[{"embeddable":true,"href":"https:\/\/efigestia.com\/en\/wp-json\/wp\/v2\/comments?post=2870"}],"version-history":[{"count":8,"href":"https:\/\/efigestia.com\/en\/wp-json\/wp\/v2\/pages\/2870\/revisions"}],"predecessor-version":[{"id":3043,"href":"https:\/\/efigestia.com\/en\/wp-json\/wp\/v2\/pages\/2870\/revisions\/3043"}],"up":[{"embeddable":true,"href":"https:\/\/efigestia.com\/en\/wp-json\/wp\/v2\/pages\/2776"}],"wp:attachment":[{"href":"https:\/\/efigestia.com\/en\/wp-json\/wp\/v2\/media?parent=2870"}],"curies":[{"name":"wp","href":"https:\/\/api.w.org\/{rel}","templated":true}]}}