{"id":2867,"date":"2023-09-13T17:50:15","date_gmt":"2023-09-13T17:50:15","guid":{"rendered":"https:\/\/efigestia.com\/?page_id=2867"},"modified":"2023-09-21T09:16:16","modified_gmt":"2023-09-21T09:16:16","slug":"como-podemos-gestionar-tus-licitaciones-internacionales","status":"publish","type":"page","link":"https:\/\/efigestia.com\/en\/servicios\/te-gestionamos-las-licitaciones-nacionales-e-internacionales\/como-podemos-gestionar-tus-licitaciones-internacionales\/","title":{"rendered":"How can we manage your international tenders?"},"content":{"rendered":"<div data-elementor-type=\"wp-page\" data-elementor-id=\"2867\" class=\"elementor elementor-2867\" data-elementor-post-type=\"page\">\n\t\t\t\t\t\t<section class=\"elementor-section elementor-top-section elementor-element elementor-element-54f132c3 elementor-section-full_width elementor-section-height-min-height elementor-section-height-default elementor-section-items-middle\" data-id=\"54f132c3\" data-element_type=\"section\" data-e-type=\"section\">\n\t\t\t\t\t\t<div class=\"elementor-container elementor-column-gap-default\">\n\t\t\t\t\t<div class=\"elementor-column elementor-col-100 elementor-top-column elementor-element elementor-element-211cc417\" data-id=\"211cc417\" data-element_type=\"column\" data-e-type=\"column\">\n\t\t\t<div class=\"elementor-widget-wrap elementor-element-populated\">\n\t\t\t\t\t\t<div class=\"elementor-element elementor-element-2b07518b elementor-widget elementor-widget-insur-main-slider\" data-id=\"2b07518b\" data-element_type=\"widget\" data-e-type=\"widget\" data-widget_type=\"insur-main-slider.default\">\n\t\t\t\t<div class=\"elementor-widget-container\">\n\t\t\t\t\t    <!--Main Slider Start-->\r\n    <section class=\"main-slider-three clearfix\">\r\n        <div class=\"swiper-container thm-swiper__slider\" data-swiper-options='{\"slidesPerView\": 1,             \"loop\": false,            \"effect\": \"fade\",            \"pagination\": {            \"el\": \"#main-slider-pagination\",            \"type\": \"bullets\",            \"clickable\": true            },            \"navigation\": {            \"nextEl\": \"#main-slider__swiper-button-next\",            \"prevEl\": \"#main-slider__swiper-button-prev\"            },            \"autoplay\": {            \"delay\": 5000            }}'>\r\n            <div class=\"swiper-wrapper\">\r\n                                    <div class=\"swiper-slide\">\r\n                        <div class=\"image-layer-three\" style=\"background-image: url(https:\/\/efigestia.com\/wp-content\/uploads\/2023\/03\/get-insurance-three-bg.png);\"><\/div>\r\n                        <!-- \/.image-layer -->\r\n\r\n                        <div class=\"container\">\r\n                            <div class=\"row\">\r\n                                <div class=\"col-xl-12\">\r\n                                    <div class=\"main-slider-three__content\">\r\n                                                                                    <h2 class=\"main-slider-three__title\">How can we manage your international tenders?<\/h2>\r\n                                                                                                                            <p class=\"main-slider-three__text\"> Internacionales<\/p>\r\n                                                                                                                            <div class=\"main-slider-three__btn-box\">\r\n                                                <a target=\"_blank\" href=\"#\" class=\"thm-btn main-slider-three__btn\">\r\n                                                    Contact us                                                <\/a>\r\n                                            <\/div>\r\n                                                                            <\/div>\r\n                                <\/div>\r\n                            <\/div>\r\n                        <\/div>\r\n                    <\/div>\r\n                            <\/div>\r\n                    <\/div>\r\n    <\/section>\r\n    <!--Main Slider End-->\r\n\t\t\t\t<\/div>\n\t\t\t\t<\/div>\n\t\t\t\t\t<\/div>\n\t\t<\/div>\n\t\t\t\t\t<\/div>\n\t\t<\/section>\n\t\t\t\t<section class=\"elementor-section elementor-top-section elementor-element elementor-element-31ac5f18 elementor-section-boxed elementor-section-height-default elementor-section-height-default\" data-id=\"31ac5f18\" data-element_type=\"section\" data-e-type=\"section\">\n\t\t\t\t\t\t<div class=\"elementor-container elementor-column-gap-default\">\n\t\t\t\t\t<div class=\"elementor-column elementor-col-100 elementor-top-column elementor-element elementor-element-1ca85fdc\" data-id=\"1ca85fdc\" data-element_type=\"column\" data-e-type=\"column\">\n\t\t\t<div class=\"elementor-widget-wrap elementor-element-populated\">\n\t\t\t\t\t\t<div class=\"elementor-element elementor-element-b12f6d5 elementor-widget elementor-widget-html\" data-id=\"b12f6d5\" data-element_type=\"widget\" data-e-type=\"widget\" data-widget_type=\"html.default\">\n\t\t\t\t<div class=\"elementor-widget-container\">\n\t\t\t\t\t<div class=\"insurance-details__age-box\">\r\n                              \r\n                                <ul class=\"insurance-details__age-list list-unstyled\">\r\n                                    <li>\r\n                                        <p><p style=\"text-align: justify;\"><span style=\"color: #000000;\">We are an entity<strong>\u00a0APPROVED and ACCREDITED by Public Institutions<\/strong> as IVACE (Generalitat Valenciana) in the area of International Public Procurement. This may mean that the cost of our <strong>TUTORING SERVICES may be significantly SUBSIDIZED<\/strong> depending on the calls and programs in force at all times. Contact us and we will analyze each case.<\/span><\/p> \r\n                                    <\/li>\r\n                                    <li>\r\n                                        \r\n                                    <\/li>\r\n                                <\/ul>\r\n                            <\/div>\t\t\t\t<\/div>\n\t\t\t\t<\/div>\n\t\t\t\t\t<\/div>\n\t\t<\/div>\n\t\t\t\t\t<\/div>\n\t\t<\/section>\n\t\t\t\t<section class=\"elementor-section elementor-top-section elementor-element elementor-element-aa9728a elementor-section-boxed elementor-section-height-default elementor-section-height-default\" data-id=\"aa9728a\" data-element_type=\"section\" data-e-type=\"section\">\n\t\t\t\t\t\t<div class=\"elementor-container elementor-column-gap-default\">\n\t\t\t\t\t<div class=\"elementor-column elementor-col-100 elementor-top-column elementor-element elementor-element-7c39361\" data-id=\"7c39361\" data-element_type=\"column\" data-e-type=\"column\">\n\t\t\t<div class=\"elementor-widget-wrap elementor-element-populated\">\n\t\t\t\t\t\t<div class=\"elementor-element elementor-element-271366f elementor-widget elementor-widget-text-editor\" data-id=\"271366f\" data-element_type=\"widget\" data-e-type=\"widget\" data-widget_type=\"text-editor.default\">\n\t\t\t\t<div class=\"elementor-widget-container\">\n\t\t\t\t\t\t\t\t\t<p>A trav\u00e9s de nuestras gestiones ponemos<strong>\u00a0al alcance de cualquier empresa espa\u00f1ola\u00a0<\/strong>de bienes y\/o servicios un nuevo mercado comercial paralelo al tradicional donde, entre otros aspectos importantes, el cobro y la seriedad est\u00e1n asegurados.<\/p><p>\u00a0<\/p><p>La gesti\u00f3n relativa con proyectos con Organismos Multilaterales es una labor muy met\u00f3dica, minuciosa y con un alto nivel de cualificaci\u00f3n. Es por ello que deba ser gestionada por parte de profesionales que conozcan bien los protocolos, los procedimientos y regulaciones de cada licitaciones en sus diferentes fases.<\/p><p>\u00a0<\/p><p>De una forma resumida nos ocupamos de:<\/p>\t\t\t\t\t\t\t\t<\/div>\n\t\t\t\t<\/div>\n\t\t\t\t<div class=\"elementor-element elementor-element-ac61e88 elementor-icon-list--layout-traditional elementor-list-item-link-full_width elementor-widget elementor-widget-icon-list\" data-id=\"ac61e88\" data-element_type=\"widget\" data-e-type=\"widget\" data-widget_type=\"icon-list.default\">\n\t\t\t\t<div class=\"elementor-widget-container\">\n\t\t\t\t\t\t\t<ul class=\"elementor-icon-list-items\">\n\t\t\t\t\t\t\t<li class=\"elementor-icon-list-item\">\n\t\t\t\t\t\t\t\t\t\t\t<span class=\"elementor-icon-list-icon\">\n\t\t\t\t\t\t\t<i aria-hidden=\"true\" class=\"fas fa-check\"><\/i>\t\t\t\t\t\t<\/span>\n\t\t\t\t\t\t\t\t\t\t<span class=\"elementor-icon-list-text\">Monitorizamos todo tipo de proyectos en funci\u00f3n a los objetivos de la empresa. Tanto desde el punto de vista del volumen, la tem\u00e1tica, el \u00e1rea geogr\u00e1fica, etc..<\/span>\n\t\t\t\t\t\t\t\t\t<\/li>\n\t\t\t\t\t\t\t\t<li class=\"elementor-icon-list-item\">\n\t\t\t\t\t\t\t\t\t\t\t<span class=\"elementor-icon-list-icon\">\n\t\t\t\t\t\t\t<i aria-hidden=\"true\" class=\"fas fa-check\"><\/i>\t\t\t\t\t\t<\/span>\n\t\t\t\t\t\t\t\t\t\t<span class=\"elementor-icon-list-text\">Analizamos sistem\u00e1ticamente si los resultados obtenidos se ajustan a las necesidades, capacidades u objetivos de nuestros clientes.<\/span>\n\t\t\t\t\t\t\t\t\t<\/li>\n\t\t\t\t\t\t\t\t<li class=\"elementor-icon-list-item\">\n\t\t\t\t\t\t\t\t\t\t\t<span class=\"elementor-icon-list-icon\">\n\t\t\t\t\t\t\t<i aria-hidden=\"true\" class=\"fas fa-check\"><\/i>\t\t\t\t\t\t<\/span>\n\t\t\t\t\t\t\t\t\t\t<span class=\"elementor-icon-list-text\">Conjuntamente con nuestros clientes se realizan las correspondientes ofertas en funci\u00f3n a los t\u00e9rminos de referencia<\/span>\n\t\t\t\t\t\t\t\t\t<\/li>\n\t\t\t\t\t\t\t\t<li class=\"elementor-icon-list-item\">\n\t\t\t\t\t\t\t\t\t\t\t<span class=\"elementor-icon-list-icon\">\n\t\t\t\t\t\t\t<i aria-hidden=\"true\" class=\"fas fa-check\"><\/i>\t\t\t\t\t\t<\/span>\n\t\t\t\t\t\t\t\t\t\t<span class=\"elementor-icon-list-text\">Apoyamos a nuestros clientes a la hora de buscar y seleccionar partners en destino donde ejecutar los proyectos.<\/span>\n\t\t\t\t\t\t\t\t\t<\/li>\n\t\t\t\t\t\t\t\t<li class=\"elementor-icon-list-item\">\n\t\t\t\t\t\t\t\t\t\t\t<span class=\"elementor-icon-list-icon\">\n\t\t\t\t\t\t\t<i aria-hidden=\"true\" class=\"fas fa-check\"><\/i>\t\t\t\t\t\t<\/span>\n\t\t\t\t\t\t\t\t\t\t<span class=\"elementor-icon-list-text\">Colaboramos en la gesti\u00f3n y coordinaci\u00f3n de los diferentes proyectos.<\/span>\n\t\t\t\t\t\t\t\t\t<\/li>\n\t\t\t\t\t\t<\/ul>\n\t\t\t\t\t\t<\/div>\n\t\t\t\t<\/div>\n\t\t\t\t\t<\/div>\n\t\t<\/div>\n\t\t\t\t\t<\/div>\n\t\t<\/section>\n\t\t\t\t<\/div>","protected":false},"excerpt":{"rendered":"<p>\u00bfC\u00f3mo podemos gestionar tus licitaciones internacionales? Internacionales Contacta con nosotros Somos una entidad\u00a0HOMOLOGADA y ACREDITADA por Instituciones P\u00fablicas como IVACE (Generalitat Valenciana) en el \u00e1rea de la Contrataci\u00f3n P\u00fablica Internacional. Esto puede suponer que el \u00a0coste de nuestros SERVICIOS de TUTORIZACI\u00d3N puedan quedar sensiblemente SUBVENCIONADOS dependiendo de las convocatorias y programas en vigor en cada [&hellip;]<\/p>","protected":false},"author":1,"featured_media":0,"parent":2776,"menu_order":0,"comment_status":"closed","ping_status":"closed","template":"elementor_header_footer","meta":{"footnotes":""},"class_list":["post-2867","page","type-page","status-publish","hentry"],"yoast_head":"<!-- This site is optimized with the Yoast SEO plugin v26.3 - https:\/\/yoast.com\/wordpress\/plugins\/seo\/ -->\n<title>\u00bfC\u00f3mo podemos gestionar tus licitaciones internacionales? - Efigestia<\/title>\n<meta name=\"robots\" content=\"index, follow, max-snippet:-1, max-image-preview:large, max-video-preview:-1\" \/>\n<link rel=\"canonical\" href=\"https:\/\/efigestia.com\/en\/servicios\/te-gestionamos-las-licitaciones-nacionales-e-internacionales\/como-podemos-gestionar-tus-licitaciones-internacionales\/\" \/>\n<meta property=\"og:locale\" content=\"en_GB\" \/>\n<meta property=\"og:type\" content=\"article\" \/>\n<meta property=\"og:title\" content=\"\u00bfC\u00f3mo podemos gestionar tus licitaciones internacionales? - Efigestia\" \/>\n<meta property=\"og:description\" content=\"\u00bfC\u00f3mo podemos gestionar tus licitaciones internacionales? Internacionales Contacta con nosotros Somos una entidad\u00a0HOMOLOGADA y ACREDITADA por Instituciones P\u00fablicas como IVACE (Generalitat Valenciana) en el \u00e1rea de la Contrataci\u00f3n P\u00fablica Internacional. Esto puede suponer que el \u00a0coste de nuestros SERVICIOS de TUTORIZACI\u00d3N puedan quedar sensiblemente SUBVENCIONADOS dependiendo de las convocatorias y programas en vigor en cada [&hellip;]\" \/>\n<meta property=\"og:url\" content=\"https:\/\/efigestia.com\/en\/servicios\/te-gestionamos-las-licitaciones-nacionales-e-internacionales\/como-podemos-gestionar-tus-licitaciones-internacionales\/\" \/>\n<meta property=\"og:site_name\" content=\"Efigestia\" \/>\n<meta property=\"article:publisher\" content=\"https:\/\/www.facebook.com\/efigestia\" \/>\n<meta property=\"article:modified_time\" content=\"2023-09-21T09:16:16+00:00\" \/>\n<meta name=\"twitter:card\" content=\"summary_large_image\" \/>\n<meta name=\"twitter:site\" content=\"@Efigestia\" \/>\n<meta name=\"twitter:label1\" content=\"Estimated reading time\" \/>\n\t<meta name=\"twitter:data1\" content=\"2 minutes\" \/>\n<script type=\"application\/ld+json\" class=\"yoast-schema-graph\">{\"@context\":\"https:\/\/schema.org\",\"@graph\":[{\"@type\":\"WebPage\",\"@id\":\"https:\/\/efigestia.com\/servicios\/te-gestionamos-las-licitaciones-nacionales-e-internacionales\/como-podemos-gestionar-tus-licitaciones-internacionales\/\",\"url\":\"https:\/\/efigestia.com\/servicios\/te-gestionamos-las-licitaciones-nacionales-e-internacionales\/como-podemos-gestionar-tus-licitaciones-internacionales\/\",\"name\":\"\u00bfC\u00f3mo podemos gestionar tus licitaciones internacionales? - Efigestia\",\"isPartOf\":{\"@id\":\"https:\/\/efigestia.com\/#website\"},\"datePublished\":\"2023-09-13T17:50:15+00:00\",\"dateModified\":\"2023-09-21T09:16:16+00:00\",\"breadcrumb\":{\"@id\":\"https:\/\/efigestia.com\/servicios\/te-gestionamos-las-licitaciones-nacionales-e-internacionales\/como-podemos-gestionar-tus-licitaciones-internacionales\/#breadcrumb\"},\"inLanguage\":\"en-GB\",\"potentialAction\":[{\"@type\":\"ReadAction\",\"target\":[\"https:\/\/efigestia.com\/servicios\/te-gestionamos-las-licitaciones-nacionales-e-internacionales\/como-podemos-gestionar-tus-licitaciones-internacionales\/\"]}]},{\"@type\":\"BreadcrumbList\",\"@id\":\"https:\/\/efigestia.com\/servicios\/te-gestionamos-las-licitaciones-nacionales-e-internacionales\/como-podemos-gestionar-tus-licitaciones-internacionales\/#breadcrumb\",\"itemListElement\":[{\"@type\":\"ListItem\",\"position\":1,\"name\":\"Portada\",\"item\":\"https:\/\/efigestia.com\/\"},{\"@type\":\"ListItem\",\"position\":2,\"name\":\"Servicios\",\"item\":\"https:\/\/efigestia.com\/servicios\/\"},{\"@type\":\"ListItem\",\"position\":3,\"name\":\"Te gestionamos las Licitaciones Nacionales e Internacionales\",\"item\":\"https:\/\/efigestia.com\/servicios\/te-gestionamos-las-licitaciones-nacionales-e-internacionales\/\"},{\"@type\":\"ListItem\",\"position\":4,\"name\":\"\u00bfC\u00f3mo podemos gestionar tus licitaciones internacionales?\"}]},{\"@type\":\"WebSite\",\"@id\":\"https:\/\/efigestia.com\/#website\",\"url\":\"https:\/\/efigestia.com\/\",\"name\":\"Efigestia.com\",\"description\":\"Consultor\u00eda y asesoramiento Internacional\",\"publisher\":{\"@id\":\"https:\/\/efigestia.com\/#organization\"},\"potentialAction\":[{\"@type\":\"SearchAction\",\"target\":{\"@type\":\"EntryPoint\",\"urlTemplate\":\"https:\/\/efigestia.com\/?s={search_term_string}\"},\"query-input\":{\"@type\":\"PropertyValueSpecification\",\"valueRequired\":true,\"valueName\":\"search_term_string\"}}],\"inLanguage\":\"en-GB\"},{\"@type\":\"Organization\",\"@id\":\"https:\/\/efigestia.com\/#organization\",\"name\":\"Efigestia S.L\",\"alternateName\":\"Consultoria estrat\u00e9gica\",\"url\":\"https:\/\/efigestia.com\/\",\"logo\":{\"@type\":\"ImageObject\",\"inLanguage\":\"en-GB\",\"@id\":\"https:\/\/efigestia.com\/#\/schema\/logo\/image\/\",\"url\":\"https:\/\/efigestia.com\/wp-content\/uploads\/2023\/07\/logo_efigestia-1.png\",\"contentUrl\":\"https:\/\/efigestia.com\/wp-content\/uploads\/2023\/07\/logo_efigestia-1.png\",\"width\":2274,\"height\":617,\"caption\":\"Efigestia S.L\"},\"image\":{\"@id\":\"https:\/\/efigestia.com\/#\/schema\/logo\/image\/\"},\"sameAs\":[\"https:\/\/www.facebook.com\/efigestia\",\"https:\/\/x.com\/Efigestia\"]}]}<\/script>\n<!-- \/ Yoast SEO plugin. -->","yoast_head_json":{"title":"\u00bfC\u00f3mo podemos gestionar tus licitaciones internacionales? - Efigestia","robots":{"index":"index","follow":"follow","max-snippet":"max-snippet:-1","max-image-preview":"max-image-preview:large","max-video-preview":"max-video-preview:-1"},"canonical":"https:\/\/efigestia.com\/en\/servicios\/te-gestionamos-las-licitaciones-nacionales-e-internacionales\/como-podemos-gestionar-tus-licitaciones-internacionales\/","og_locale":"en_GB","og_type":"article","og_title":"\u00bfC\u00f3mo podemos gestionar tus licitaciones internacionales? - Efigestia","og_description":"\u00bfC\u00f3mo podemos gestionar tus licitaciones internacionales? Internacionales Contacta con nosotros Somos una entidad\u00a0HOMOLOGADA y ACREDITADA por Instituciones P\u00fablicas como IVACE (Generalitat Valenciana) en el \u00e1rea de la Contrataci\u00f3n P\u00fablica Internacional. Esto puede suponer que el \u00a0coste de nuestros SERVICIOS de TUTORIZACI\u00d3N puedan quedar sensiblemente SUBVENCIONADOS dependiendo de las convocatorias y programas en vigor en cada [&hellip;]","og_url":"https:\/\/efigestia.com\/en\/servicios\/te-gestionamos-las-licitaciones-nacionales-e-internacionales\/como-podemos-gestionar-tus-licitaciones-internacionales\/","og_site_name":"Efigestia","article_publisher":"https:\/\/www.facebook.com\/efigestia","article_modified_time":"2023-09-21T09:16:16+00:00","twitter_card":"summary_large_image","twitter_site":"@Efigestia","twitter_misc":{"Estimated reading time":"2 minutes"},"schema":{"@context":"https:\/\/schema.org","@graph":[{"@type":"WebPage","@id":"https:\/\/efigestia.com\/servicios\/te-gestionamos-las-licitaciones-nacionales-e-internacionales\/como-podemos-gestionar-tus-licitaciones-internacionales\/","url":"https:\/\/efigestia.com\/servicios\/te-gestionamos-las-licitaciones-nacionales-e-internacionales\/como-podemos-gestionar-tus-licitaciones-internacionales\/","name":"\u00bfC\u00f3mo podemos gestionar tus licitaciones internacionales? - Efigestia","isPartOf":{"@id":"https:\/\/efigestia.com\/#website"},"datePublished":"2023-09-13T17:50:15+00:00","dateModified":"2023-09-21T09:16:16+00:00","breadcrumb":{"@id":"https:\/\/efigestia.com\/servicios\/te-gestionamos-las-licitaciones-nacionales-e-internacionales\/como-podemos-gestionar-tus-licitaciones-internacionales\/#breadcrumb"},"inLanguage":"en-GB","potentialAction":[{"@type":"ReadAction","target":["https:\/\/efigestia.com\/servicios\/te-gestionamos-las-licitaciones-nacionales-e-internacionales\/como-podemos-gestionar-tus-licitaciones-internacionales\/"]}]},{"@type":"BreadcrumbList","@id":"https:\/\/efigestia.com\/servicios\/te-gestionamos-las-licitaciones-nacionales-e-internacionales\/como-podemos-gestionar-tus-licitaciones-internacionales\/#breadcrumb","itemListElement":[{"@type":"ListItem","position":1,"name":"Portada","item":"https:\/\/efigestia.com\/"},{"@type":"ListItem","position":2,"name":"Servicios","item":"https:\/\/efigestia.com\/servicios\/"},{"@type":"ListItem","position":3,"name":"Te gestionamos las Licitaciones Nacionales e Internacionales","item":"https:\/\/efigestia.com\/servicios\/te-gestionamos-las-licitaciones-nacionales-e-internacionales\/"},{"@type":"ListItem","position":4,"name":"\u00bfC\u00f3mo podemos gestionar tus licitaciones internacionales?"}]},{"@type":"WebSite","@id":"https:\/\/efigestia.com\/#website","url":"https:\/\/efigestia.com\/","name":"Efigestia.com","description":"Consultor\u00eda y asesoramiento Internacional","publisher":{"@id":"https:\/\/efigestia.com\/#organization"},"potentialAction":[{"@type":"SearchAction","target":{"@type":"EntryPoint","urlTemplate":"https:\/\/efigestia.com\/?s={search_term_string}"},"query-input":{"@type":"PropertyValueSpecification","valueRequired":true,"valueName":"search_term_string"}}],"inLanguage":"en-GB"},{"@type":"Organization","@id":"https:\/\/efigestia.com\/#organization","name":"Ephigestia SL","alternateName":"Consultoria estrat\u00e9gica","url":"https:\/\/efigestia.com\/","logo":{"@type":"ImageObject","inLanguage":"en-GB","@id":"https:\/\/efigestia.com\/#\/schema\/logo\/image\/","url":"https:\/\/efigestia.com\/wp-content\/uploads\/2023\/07\/logo_efigestia-1.png","contentUrl":"https:\/\/efigestia.com\/wp-content\/uploads\/2023\/07\/logo_efigestia-1.png","width":2274,"height":617,"caption":"Efigestia S.L"},"image":{"@id":"https:\/\/efigestia.com\/#\/schema\/logo\/image\/"},"sameAs":["https:\/\/www.facebook.com\/efigestia","https:\/\/x.com\/Efigestia"]}]}},"_links":{"self":[{"href":"https:\/\/efigestia.com\/en\/wp-json\/wp\/v2\/pages\/2867","targetHints":{"allow":["GET"]}}],"collection":[{"href":"https:\/\/efigestia.com\/en\/wp-json\/wp\/v2\/pages"}],"about":[{"href":"https:\/\/efigestia.com\/en\/wp-json\/wp\/v2\/types\/page"}],"author":[{"embeddable":true,"href":"https:\/\/efigestia.com\/en\/wp-json\/wp\/v2\/users\/1"}],"replies":[{"embeddable":true,"href":"https:\/\/efigestia.com\/en\/wp-json\/wp\/v2\/comments?post=2867"}],"version-history":[{"count":11,"href":"https:\/\/efigestia.com\/en\/wp-json\/wp\/v2\/pages\/2867\/revisions"}],"predecessor-version":[{"id":3052,"href":"https:\/\/efigestia.com\/en\/wp-json\/wp\/v2\/pages\/2867\/revisions\/3052"}],"up":[{"embeddable":true,"href":"https:\/\/efigestia.com\/en\/wp-json\/wp\/v2\/pages\/2776"}],"wp:attachment":[{"href":"https:\/\/efigestia.com\/en\/wp-json\/wp\/v2\/media?parent=2867"}],"curies":[{"name":"wp","href":"https:\/\/api.w.org\/{rel}","templated":true}]}}