{"id":2865,"date":"2023-09-13T17:48:13","date_gmt":"2023-09-13T17:48:13","guid":{"rendered":"https:\/\/efigestia.com\/?page_id=2865"},"modified":"2023-09-21T08:59:41","modified_gmt":"2023-09-21T08:59:41","slug":"como-puedo-entrar-en-el-mercado-de-las-licitaciones-internacionales","status":"publish","type":"page","link":"https:\/\/efigestia.com\/en\/servicios\/te-gestionamos-las-licitaciones-nacionales-e-internacionales\/como-puedo-entrar-en-el-mercado-de-las-licitaciones-internacionales\/","title":{"rendered":"How can I enter the international tender market?"},"content":{"rendered":"<div data-elementor-type=\"wp-page\" data-elementor-id=\"2865\" class=\"elementor elementor-2865\" data-elementor-post-type=\"page\">\n\t\t\t\t\t\t<section class=\"elementor-section elementor-top-section elementor-element elementor-element-442036e0 elementor-section-full_width elementor-section-height-min-height elementor-section-height-default elementor-section-items-middle\" data-id=\"442036e0\" data-element_type=\"section\" data-e-type=\"section\">\n\t\t\t\t\t\t<div class=\"elementor-container elementor-column-gap-default\">\n\t\t\t\t\t<div class=\"elementor-column elementor-col-100 elementor-top-column elementor-element elementor-element-66c7382f\" data-id=\"66c7382f\" data-element_type=\"column\" data-e-type=\"column\">\n\t\t\t<div class=\"elementor-widget-wrap elementor-element-populated\">\n\t\t\t\t\t\t<div class=\"elementor-element elementor-element-eb15c55 elementor-widget elementor-widget-insur-main-slider\" data-id=\"eb15c55\" data-element_type=\"widget\" data-e-type=\"widget\" data-widget_type=\"insur-main-slider.default\">\n\t\t\t\t<div class=\"elementor-widget-container\">\n\t\t\t\t\t    <!--Main Slider Start-->\r\n    <section class=\"main-slider-three clearfix\">\r\n        <div class=\"swiper-container thm-swiper__slider\" data-swiper-options='{\"slidesPerView\": 1,             \"loop\": false,            \"effect\": \"fade\",            \"pagination\": {            \"el\": \"#main-slider-pagination\",            \"type\": \"bullets\",            \"clickable\": true            },            \"navigation\": {            \"nextEl\": \"#main-slider__swiper-button-next\",            \"prevEl\": \"#main-slider__swiper-button-prev\"            },            \"autoplay\": {            \"delay\": 5000            }}'>\r\n            <div class=\"swiper-wrapper\">\r\n                                    <div class=\"swiper-slide\">\r\n                        <div class=\"image-layer-three\" style=\"background-image: url(https:\/\/efigestia.com\/wp-content\/uploads\/2023\/03\/get-insurance-three-bg.png);\"><\/div>\r\n                        <!-- \/.image-layer -->\r\n\r\n                        <div class=\"container\">\r\n                            <div class=\"row\">\r\n                                <div class=\"col-xl-12\">\r\n                                    <div class=\"main-slider-three__content\">\r\n                                                                                    <h2 class=\"main-slider-three__title\">\u00bfQu\u00e9 es el mercado de las licitaciones internacionales con organismos Multilaterales?<\/h2>\r\n                                                                                                                            <p class=\"main-slider-three__text\">National and international<\/p>\r\n                                                                                                                            <div class=\"main-slider-three__btn-box\">\r\n                                                <a target=\"_blank\" href=\"#\" class=\"thm-btn main-slider-three__btn\">\r\n                                                    Contact us                                                <\/a>\r\n                                            <\/div>\r\n                                                                            <\/div>\r\n                                <\/div>\r\n                            <\/div>\r\n                        <\/div>\r\n                    <\/div>\r\n                            <\/div>\r\n                    <\/div>\r\n    <\/section>\r\n    <!--Main Slider End-->\r\n\t\t\t\t<\/div>\n\t\t\t\t<\/div>\n\t\t\t\t\t<\/div>\n\t\t<\/div>\n\t\t\t\t\t<\/div>\n\t\t<\/section>\n\t\t\t\t<section class=\"elementor-section elementor-top-section elementor-element elementor-element-3efee0b2 elementor-section-boxed elementor-section-height-default elementor-section-height-default\" data-id=\"3efee0b2\" data-element_type=\"section\" data-e-type=\"section\">\n\t\t\t\t\t\t<div class=\"elementor-container elementor-column-gap-default\">\n\t\t\t\t\t<div class=\"elementor-column elementor-col-100 elementor-top-column elementor-element elementor-element-7da90e1f\" data-id=\"7da90e1f\" data-element_type=\"column\" data-e-type=\"column\">\n\t\t\t<div class=\"elementor-widget-wrap elementor-element-populated\">\n\t\t\t\t\t\t<div class=\"elementor-element elementor-element-6adda64c elementor-widget elementor-widget-html\" data-id=\"6adda64c\" data-element_type=\"widget\" data-e-type=\"widget\" data-widget_type=\"html.default\">\n\t\t\t\t<div class=\"elementor-widget-container\">\n\t\t\t\t\t<div class=\"insurance-details__age-box\">\r\n                              \r\n                                <ul class=\"insurance-details__age-list list-unstyled\">\r\n                                    <li>\r\n                                        <p><p style=\"text-align: justify;\"><span style=\"color: #000000;\">We are an entity<strong>\u00a0APPROVED and ACCREDITED by Public Institutions<\/strong> as IVACE (Generalitat Valenciana) in the area of International Public Procurement. This may mean that the cost of our <strong>TUTORING SERVICES may be significantly SUBSIDIZED<\/strong> depending on the calls and programs in force at all times. Contact us and we will analyze each case.<\/span><\/p> \r\n                                    <\/li>\r\n                                    <li>\r\n                                        \r\n                                    <\/li>\r\n                                <\/ul>\r\n                            <\/div>\t\t\t\t<\/div>\n\t\t\t\t<\/div>\n\t\t\t\t\t<\/div>\n\t\t<\/div>\n\t\t\t\t\t<\/div>\n\t\t<\/section>\n\t\t\t\t<section class=\"elementor-section elementor-top-section elementor-element elementor-element-6c4def3 elementor-section-boxed elementor-section-height-default elementor-section-height-default\" data-id=\"6c4def3\" data-element_type=\"section\" data-e-type=\"section\">\n\t\t\t\t\t\t<div class=\"elementor-container elementor-column-gap-default\">\n\t\t\t\t\t<div class=\"elementor-column elementor-col-100 elementor-top-column elementor-element elementor-element-18e413b\" data-id=\"18e413b\" data-element_type=\"column\" data-e-type=\"column\">\n\t\t\t<div class=\"elementor-widget-wrap elementor-element-populated\">\n\t\t\t\t\t\t<div class=\"elementor-element elementor-element-2f52ddb elementor-widget elementor-widget-heading\" data-id=\"2f52ddb\" data-element_type=\"widget\" data-e-type=\"widget\" data-widget_type=\"heading.default\">\n\t\t\t\t<div class=\"elementor-widget-container\">\n\t\t\t\t\t<h2 class=\"elementor-heading-title elementor-size-default\">\u00bfQu\u00e9 es el mercado de las licitaciones internacionales con Organismos Multilaterales?<\/h2>\t\t\t\t<\/div>\n\t\t\t\t<\/div>\n\t\t\t\t<div class=\"elementor-element elementor-element-bec6565 elementor-widget elementor-widget-text-editor\" data-id=\"bec6565\" data-element_type=\"widget\" data-e-type=\"widget\" data-widget_type=\"text-editor.default\">\n\t\t\t\t<div class=\"elementor-widget-container\">\n\t\t\t\t\t\t\t\t\t<p>Es el relativo a las contrataciones que realizan todos los a\u00f1os Organismos P\u00fablicos conformados por las naciones m\u00e1s desarrolladas del mundo a trav\u00e9s de las donaciones directas de fondos que anualmente realizan.<\/p><p>\u00a0<\/p><p>Por ejemplo,\u00a0<strong>NACIONES UNIDAS<\/strong>\u00a0que incluye a las diversas agencias asociadas (PNUD, UNICEF, FAO, etc..) representa un mercado anual de m\u00e1s de\u00a0<strong>80.000 millones de USD al a\u00f1o<\/strong>\u00a0para proveedores de todos tipo de bienes y servicios.<\/p><p>\u00a0<\/p><p>Son mercados que vale la pena tenerlos en consideraci\u00f3n. Nuestras empresas pueden estar perdiendo enormes posiblidades de negocio as\u00ed como de oportunidades de expansi\u00f3n e implantaci\u00f3n comercial.<\/p><p>Estos mercados son considerados como grandes trampolines para introducir los productos y servicios de nuestras empresas en mercados y regiones internacionales<\/p>\t\t\t\t\t\t\t\t<\/div>\n\t\t\t\t<\/div>\n\t\t\t\t\t<\/div>\n\t\t<\/div>\n\t\t\t\t\t<\/div>\n\t\t<\/section>\n\t\t\t\t<\/div>","protected":false},"excerpt":{"rendered":"<p>\u00bfQu\u00e9 es el mercado de las licitaciones internacionales con organismos Multilaterales? Nacionales e Internacionales Contacta con nosotros Somos una entidad\u00a0HOMOLOGADA y ACREDITADA por Instituciones P\u00fablicas como IVACE (Generalitat Valenciana) en el \u00e1rea de la Contrataci\u00f3n P\u00fablica Internacional. Esto puede suponer que el \u00a0coste de nuestros SERVICIOS de TUTORIZACI\u00d3N puedan quedar sensiblemente SUBVENCIONADOS dependiendo de las [&hellip;]<\/p>","protected":false},"author":1,"featured_media":0,"parent":2776,"menu_order":0,"comment_status":"closed","ping_status":"closed","template":"elementor_header_footer","meta":{"footnotes":""},"class_list":["post-2865","page","type-page","status-publish","hentry"],"yoast_head":"<!-- This site is optimized with the Yoast SEO plugin v26.3 - https:\/\/yoast.com\/wordpress\/plugins\/seo\/ -->\n<title>\u00bfComo puedo entrar en el mercado de las licitaciones internacionales? - Efigestia<\/title>\n<meta name=\"robots\" content=\"index, follow, max-snippet:-1, max-image-preview:large, max-video-preview:-1\" \/>\n<link rel=\"canonical\" href=\"https:\/\/efigestia.com\/en\/servicios\/te-gestionamos-las-licitaciones-nacionales-e-internacionales\/como-puedo-entrar-en-el-mercado-de-las-licitaciones-internacionales\/\" \/>\n<meta property=\"og:locale\" content=\"en_GB\" \/>\n<meta property=\"og:type\" content=\"article\" \/>\n<meta property=\"og:title\" content=\"\u00bfComo puedo entrar en el mercado de las licitaciones internacionales? - Efigestia\" \/>\n<meta property=\"og:description\" content=\"\u00bfQu\u00e9 es el mercado de las licitaciones internacionales con organismos Multilaterales? Nacionales e Internacionales Contacta con nosotros Somos una entidad\u00a0HOMOLOGADA y ACREDITADA por Instituciones P\u00fablicas como IVACE (Generalitat Valenciana) en el \u00e1rea de la Contrataci\u00f3n P\u00fablica Internacional. Esto puede suponer que el \u00a0coste de nuestros SERVICIOS de TUTORIZACI\u00d3N puedan quedar sensiblemente SUBVENCIONADOS dependiendo de las [&hellip;]\" \/>\n<meta property=\"og:url\" content=\"https:\/\/efigestia.com\/en\/servicios\/te-gestionamos-las-licitaciones-nacionales-e-internacionales\/como-puedo-entrar-en-el-mercado-de-las-licitaciones-internacionales\/\" \/>\n<meta property=\"og:site_name\" content=\"Efigestia\" \/>\n<meta property=\"article:publisher\" content=\"https:\/\/www.facebook.com\/efigestia\" \/>\n<meta property=\"article:modified_time\" content=\"2023-09-21T08:59:41+00:00\" \/>\n<meta name=\"twitter:card\" content=\"summary_large_image\" \/>\n<meta name=\"twitter:site\" content=\"@Efigestia\" \/>\n<meta name=\"twitter:label1\" content=\"Estimated reading time\" \/>\n\t<meta name=\"twitter:data1\" content=\"1 minute\" \/>\n<script type=\"application\/ld+json\" class=\"yoast-schema-graph\">{\"@context\":\"https:\/\/schema.org\",\"@graph\":[{\"@type\":\"WebPage\",\"@id\":\"https:\/\/efigestia.com\/servicios\/te-gestionamos-las-licitaciones-nacionales-e-internacionales\/como-puedo-entrar-en-el-mercado-de-las-licitaciones-internacionales\/\",\"url\":\"https:\/\/efigestia.com\/servicios\/te-gestionamos-las-licitaciones-nacionales-e-internacionales\/como-puedo-entrar-en-el-mercado-de-las-licitaciones-internacionales\/\",\"name\":\"\u00bfComo puedo entrar en el mercado de las licitaciones internacionales? - Efigestia\",\"isPartOf\":{\"@id\":\"https:\/\/efigestia.com\/#website\"},\"datePublished\":\"2023-09-13T17:48:13+00:00\",\"dateModified\":\"2023-09-21T08:59:41+00:00\",\"breadcrumb\":{\"@id\":\"https:\/\/efigestia.com\/servicios\/te-gestionamos-las-licitaciones-nacionales-e-internacionales\/como-puedo-entrar-en-el-mercado-de-las-licitaciones-internacionales\/#breadcrumb\"},\"inLanguage\":\"en-GB\",\"potentialAction\":[{\"@type\":\"ReadAction\",\"target\":[\"https:\/\/efigestia.com\/servicios\/te-gestionamos-las-licitaciones-nacionales-e-internacionales\/como-puedo-entrar-en-el-mercado-de-las-licitaciones-internacionales\/\"]}]},{\"@type\":\"BreadcrumbList\",\"@id\":\"https:\/\/efigestia.com\/servicios\/te-gestionamos-las-licitaciones-nacionales-e-internacionales\/como-puedo-entrar-en-el-mercado-de-las-licitaciones-internacionales\/#breadcrumb\",\"itemListElement\":[{\"@type\":\"ListItem\",\"position\":1,\"name\":\"Portada\",\"item\":\"https:\/\/efigestia.com\/\"},{\"@type\":\"ListItem\",\"position\":2,\"name\":\"Servicios\",\"item\":\"https:\/\/efigestia.com\/servicios\/\"},{\"@type\":\"ListItem\",\"position\":3,\"name\":\"Te gestionamos las Licitaciones Nacionales e Internacionales\",\"item\":\"https:\/\/efigestia.com\/servicios\/te-gestionamos-las-licitaciones-nacionales-e-internacionales\/\"},{\"@type\":\"ListItem\",\"position\":4,\"name\":\"\u00bfComo puedo entrar en el mercado de las licitaciones internacionales?\"}]},{\"@type\":\"WebSite\",\"@id\":\"https:\/\/efigestia.com\/#website\",\"url\":\"https:\/\/efigestia.com\/\",\"name\":\"Efigestia.com\",\"description\":\"Consultor\u00eda y asesoramiento Internacional\",\"publisher\":{\"@id\":\"https:\/\/efigestia.com\/#organization\"},\"potentialAction\":[{\"@type\":\"SearchAction\",\"target\":{\"@type\":\"EntryPoint\",\"urlTemplate\":\"https:\/\/efigestia.com\/?s={search_term_string}\"},\"query-input\":{\"@type\":\"PropertyValueSpecification\",\"valueRequired\":true,\"valueName\":\"search_term_string\"}}],\"inLanguage\":\"en-GB\"},{\"@type\":\"Organization\",\"@id\":\"https:\/\/efigestia.com\/#organization\",\"name\":\"Efigestia S.L\",\"alternateName\":\"Consultoria estrat\u00e9gica\",\"url\":\"https:\/\/efigestia.com\/\",\"logo\":{\"@type\":\"ImageObject\",\"inLanguage\":\"en-GB\",\"@id\":\"https:\/\/efigestia.com\/#\/schema\/logo\/image\/\",\"url\":\"https:\/\/efigestia.com\/wp-content\/uploads\/2023\/07\/logo_efigestia-1.png\",\"contentUrl\":\"https:\/\/efigestia.com\/wp-content\/uploads\/2023\/07\/logo_efigestia-1.png\",\"width\":2274,\"height\":617,\"caption\":\"Efigestia S.L\"},\"image\":{\"@id\":\"https:\/\/efigestia.com\/#\/schema\/logo\/image\/\"},\"sameAs\":[\"https:\/\/www.facebook.com\/efigestia\",\"https:\/\/x.com\/Efigestia\"]}]}<\/script>\n<!-- \/ Yoast SEO plugin. -->","yoast_head_json":{"title":"\u00bfComo puedo entrar en el mercado de las licitaciones internacionales? - Efigestia","robots":{"index":"index","follow":"follow","max-snippet":"max-snippet:-1","max-image-preview":"max-image-preview:large","max-video-preview":"max-video-preview:-1"},"canonical":"https:\/\/efigestia.com\/en\/servicios\/te-gestionamos-las-licitaciones-nacionales-e-internacionales\/como-puedo-entrar-en-el-mercado-de-las-licitaciones-internacionales\/","og_locale":"en_GB","og_type":"article","og_title":"\u00bfComo puedo entrar en el mercado de las licitaciones internacionales? - Efigestia","og_description":"\u00bfQu\u00e9 es el mercado de las licitaciones internacionales con organismos Multilaterales? Nacionales e Internacionales Contacta con nosotros Somos una entidad\u00a0HOMOLOGADA y ACREDITADA por Instituciones P\u00fablicas como IVACE (Generalitat Valenciana) en el \u00e1rea de la Contrataci\u00f3n P\u00fablica Internacional. Esto puede suponer que el \u00a0coste de nuestros SERVICIOS de TUTORIZACI\u00d3N puedan quedar sensiblemente SUBVENCIONADOS dependiendo de las [&hellip;]","og_url":"https:\/\/efigestia.com\/en\/servicios\/te-gestionamos-las-licitaciones-nacionales-e-internacionales\/como-puedo-entrar-en-el-mercado-de-las-licitaciones-internacionales\/","og_site_name":"Efigestia","article_publisher":"https:\/\/www.facebook.com\/efigestia","article_modified_time":"2023-09-21T08:59:41+00:00","twitter_card":"summary_large_image","twitter_site":"@Efigestia","twitter_misc":{"Estimated reading time":"1 minute"},"schema":{"@context":"https:\/\/schema.org","@graph":[{"@type":"WebPage","@id":"https:\/\/efigestia.com\/servicios\/te-gestionamos-las-licitaciones-nacionales-e-internacionales\/como-puedo-entrar-en-el-mercado-de-las-licitaciones-internacionales\/","url":"https:\/\/efigestia.com\/servicios\/te-gestionamos-las-licitaciones-nacionales-e-internacionales\/como-puedo-entrar-en-el-mercado-de-las-licitaciones-internacionales\/","name":"\u00bfComo puedo entrar en el mercado de las licitaciones internacionales? - Efigestia","isPartOf":{"@id":"https:\/\/efigestia.com\/#website"},"datePublished":"2023-09-13T17:48:13+00:00","dateModified":"2023-09-21T08:59:41+00:00","breadcrumb":{"@id":"https:\/\/efigestia.com\/servicios\/te-gestionamos-las-licitaciones-nacionales-e-internacionales\/como-puedo-entrar-en-el-mercado-de-las-licitaciones-internacionales\/#breadcrumb"},"inLanguage":"en-GB","potentialAction":[{"@type":"ReadAction","target":["https:\/\/efigestia.com\/servicios\/te-gestionamos-las-licitaciones-nacionales-e-internacionales\/como-puedo-entrar-en-el-mercado-de-las-licitaciones-internacionales\/"]}]},{"@type":"BreadcrumbList","@id":"https:\/\/efigestia.com\/servicios\/te-gestionamos-las-licitaciones-nacionales-e-internacionales\/como-puedo-entrar-en-el-mercado-de-las-licitaciones-internacionales\/#breadcrumb","itemListElement":[{"@type":"ListItem","position":1,"name":"Portada","item":"https:\/\/efigestia.com\/"},{"@type":"ListItem","position":2,"name":"Servicios","item":"https:\/\/efigestia.com\/servicios\/"},{"@type":"ListItem","position":3,"name":"Te gestionamos las Licitaciones Nacionales e Internacionales","item":"https:\/\/efigestia.com\/servicios\/te-gestionamos-las-licitaciones-nacionales-e-internacionales\/"},{"@type":"ListItem","position":4,"name":"\u00bfComo puedo entrar en el mercado de las licitaciones internacionales?"}]},{"@type":"WebSite","@id":"https:\/\/efigestia.com\/#website","url":"https:\/\/efigestia.com\/","name":"Efigestia.com","description":"Consultor\u00eda y asesoramiento Internacional","publisher":{"@id":"https:\/\/efigestia.com\/#organization"},"potentialAction":[{"@type":"SearchAction","target":{"@type":"EntryPoint","urlTemplate":"https:\/\/efigestia.com\/?s={search_term_string}"},"query-input":{"@type":"PropertyValueSpecification","valueRequired":true,"valueName":"search_term_string"}}],"inLanguage":"en-GB"},{"@type":"Organization","@id":"https:\/\/efigestia.com\/#organization","name":"Ephigestia SL","alternateName":"Consultoria estrat\u00e9gica","url":"https:\/\/efigestia.com\/","logo":{"@type":"ImageObject","inLanguage":"en-GB","@id":"https:\/\/efigestia.com\/#\/schema\/logo\/image\/","url":"https:\/\/efigestia.com\/wp-content\/uploads\/2023\/07\/logo_efigestia-1.png","contentUrl":"https:\/\/efigestia.com\/wp-content\/uploads\/2023\/07\/logo_efigestia-1.png","width":2274,"height":617,"caption":"Efigestia S.L"},"image":{"@id":"https:\/\/efigestia.com\/#\/schema\/logo\/image\/"},"sameAs":["https:\/\/www.facebook.com\/efigestia","https:\/\/x.com\/Efigestia"]}]}},"_links":{"self":[{"href":"https:\/\/efigestia.com\/en\/wp-json\/wp\/v2\/pages\/2865","targetHints":{"allow":["GET"]}}],"collection":[{"href":"https:\/\/efigestia.com\/en\/wp-json\/wp\/v2\/pages"}],"about":[{"href":"https:\/\/efigestia.com\/en\/wp-json\/wp\/v2\/types\/page"}],"author":[{"embeddable":true,"href":"https:\/\/efigestia.com\/en\/wp-json\/wp\/v2\/users\/1"}],"replies":[{"embeddable":true,"href":"https:\/\/efigestia.com\/en\/wp-json\/wp\/v2\/comments?post=2865"}],"version-history":[{"count":13,"href":"https:\/\/efigestia.com\/en\/wp-json\/wp\/v2\/pages\/2865\/revisions"}],"predecessor-version":[{"id":3036,"href":"https:\/\/efigestia.com\/en\/wp-json\/wp\/v2\/pages\/2865\/revisions\/3036"}],"up":[{"embeddable":true,"href":"https:\/\/efigestia.com\/en\/wp-json\/wp\/v2\/pages\/2776"}],"wp:attachment":[{"href":"https:\/\/efigestia.com\/en\/wp-json\/wp\/v2\/media?parent=2865"}],"curies":[{"name":"wp","href":"https:\/\/api.w.org\/{rel}","templated":true}]}}