{"id":2744,"date":"2023-09-11T16:04:04","date_gmt":"2023-09-11T16:04:04","guid":{"rendered":"https:\/\/nuevo.efigestia.com\/?page_id=2744"},"modified":"2023-09-11T16:07:33","modified_gmt":"2023-09-11T16:07:33","slug":"servicios","status":"publish","type":"page","link":"https:\/\/efigestia.com\/en\/servicios\/","title":{"rendered":"Services"},"content":{"rendered":"<div data-elementor-type=\"wp-page\" data-elementor-id=\"2744\" class=\"elementor elementor-2744\" data-elementor-post-type=\"page\">\n\t\t\t\t\t\t<section class=\"elementor-section elementor-top-section elementor-element elementor-element-7c837c60 elementor-section-full_width elementor-section-height-default elementor-section-height-default\" data-id=\"7c837c60\" data-element_type=\"section\" data-e-type=\"section\">\n\t\t\t\t\t\t<div class=\"elementor-container elementor-column-gap-no\">\n\t\t\t\t\t<div class=\"elementor-column elementor-col-100 elementor-top-column elementor-element elementor-element-1cdae45b\" data-id=\"1cdae45b\" data-element_type=\"column\" data-e-type=\"column\">\n\t\t\t<div class=\"elementor-widget-wrap elementor-element-populated\">\n\t\t\t\t\t\t<div class=\"elementor-element elementor-element-6e419e9d elementor-widget-mobile__width-inherit elementor-widget elementor-widget-insur-service\" data-id=\"6e419e9d\" data-element_type=\"widget\" data-e-type=\"widget\" data-widget_type=\"insur-service.default\">\n\t\t\t\t<div class=\"elementor-widget-container\">\n\t\t\t\t\t\r\n\t<!--Services One Start-->\r\n\t<section class=\"services-one\">\r\n\t\t<div class=\"services-one__top\">\r\n\t\t\t<div class=\"container\">\r\n\t\t\t\t<div class=\"row\">\r\n\t\t\t\t\t\t\t\t\t\t\t<div class=\"col-xl-5 col-lg-6\">\r\n\t\t\t\t\t\t\t<div class=\"services-one__top-left\">\r\n\t\t\t\t\t\t\t\t<div class=\"section-title text-left\">\r\n\t\t\t\t\t\t\t\t\t\t\t\t\t\t\t\t\t\t\t<div class=\"section-sub-title-box\">\r\n\t\t\t\t\t\t\t\t\t\t\t<p class=\"section-sub-title\">EFIGESTIA SERVICES\n<\/p>\r\n\t\t\t\t\t\t\t\t\t\t\t<div class=\"section-title-shape-1\">\r\n\t\t\t\t\t\t\t\t\t\t\t\t<img decoding=\"async\" src=\"http:\/\/layerdrops.com\/insurwp\/wp-content\/uploads\/2022\/07\/section-title-shape-1.png\" alt=\"55\">\r\n\t\t\t\t\t\t\t\t\t\t\t<\/div>\r\n\t\t\t\t\t\t\t\t\t\t\t<div class=\"section-title-shape-2\">\r\n\t\t\t\t\t\t\t\t\t\t\t\t<img decoding=\"async\" src=\"http:\/\/layerdrops.com\/insurwp\/wp-content\/uploads\/2022\/07\/section-title-shape-2.png\" alt=\"56\">\r\n\t\t\t\t\t\t\t\t\t\t\t<\/div>\r\n\t\t\t\t\t\t\t\t\t\t<\/div>\r\n\t\t\t\t\t\t\t\t\t\t\t\t\t\t\t\t\t\t\t\t\t\t\t\t\t\t\t\t<h2 class=\"section-title__title\">What we can do for your company<\/h2>\r\n\t\t\t\t\t\t\t\t\t\t\t\t\t\t\t\t\t<\/div>\r\n\t\t\t\t\t\t\t<\/div>\r\n\t\t\t\t\t\t<\/div>\r\n\t\t\t\t\t\t\t\t\t\t\t\t\t\t\t\t<div class=\"col-xl-7 col-lg-6\">\r\n\t\t\t\t\t\t\t<div class=\"services-one__top-right\">\r\n\t\t\t\t\t\t\t\t<p class=\"services-one__top-text\">All our services automatically represent an Increase in Profitability for your company.\n\n<\/p>\r\n\t\t\t\t\t\t\t<\/div>\r\n\t\t\t\t\t\t<\/div>\r\n\t\t\t\t\t\t\t\t\t<\/div>\r\n\t\t\t<\/div>\r\n\t\t<\/div>\r\n\t\t<div class=\"services-one__bottom\">\r\n\t\t\t<div class=\"services-one__container\">\r\n\t\t\t\t<div class=\"row\">\r\n\t\t\t\t\t\t\t\t\t\t\t\t\t\t\t\t\t\t<!--Services One Single Start-->\r\n\t\t\t\t\t\t\t<div class=\"col-xl-3 col-lg-4 col-md-6 wow fadeInUp\" data-wow-delay=\"100ms\">\r\n\t\t\t\t\t\t\t\t<div class=\"services-one__single\">\r\n\t\t\t\t\t\t\t\t\t\t\t\t\t\t\t\t\t\t\t<div class=\"service-one__img\">\r\n\t\t\t\t\t\t\t\t\t\t\t<img decoding=\"async\" src=\"https:\/\/efigestia.com\/wp-content\/uploads\/2023\/07\/iStock_000004470299Medium.jpg\" alt=\"\">\r\n\t\t\t\t\t\t\t\t\t\t<\/div>\r\n\t\t\t\t\t\t\t\t\t\t\t\t\t\t\t\t\t\t<div class=\"service-one__content\">\r\n\t\t\t\t\t\t\t\t\t\t<div class=\"services-one__icon insur-icon-svg\">\r\n\t\t\t\t\t\t\t\t\t\t\t<span aria-hidden=\"true\" class=\"icon-plane\"><\/span>\t\t\t\t\t\t\t\t\t\t<\/div>\r\n\t\t\t\t\t\t\t\t\t\t<h2 class=\"service-one__title\">\r\n\t\t\t\t\t\t\t\t\t\t\t<a   href=\"\">Tender Management and BPO Outsourcing<\/a>\r\n\t\t\t\t\t\t\t\t\t\t<\/h2>\r\n\t\t\t\t\t\t\t\t\t\t<p class=\"service-one__text\">We manage for your company the tenders with the International Public Administration (Multilateral Organizations: United Nations - UN, Inter-American Development Bank - IDB...) to open new markets for your company in an exceptional, safe and profitable way.<\/p>\r\n\t\t\t\t\t\t\t\t\t<\/div>\r\n\t\t\t\t\t\t\t\t<\/div>\r\n\t\t\t\t\t\t\t<\/div>\r\n\t\t\t\t\t\t\t<!--Services One Single End-->\r\n\t\t\t\t\t\t\t\t\t\t\t\t<!--Services One Single Start-->\r\n\t\t\t\t\t\t\t<div class=\"col-xl-3 col-lg-4 col-md-6 wow fadeInUp\" data-wow-delay=\"100ms\">\r\n\t\t\t\t\t\t\t\t<div class=\"services-one__single\">\r\n\t\t\t\t\t\t\t\t\t\t\t\t\t\t\t\t\t\t\t<div class=\"service-one__img\">\r\n\t\t\t\t\t\t\t\t\t\t\t<img decoding=\"async\" src=\"https:\/\/efigestia.com\/wp-content\/uploads\/2023\/07\/e-learning-1.jpg\" alt=\"\">\r\n\t\t\t\t\t\t\t\t\t\t<\/div>\r\n\t\t\t\t\t\t\t\t\t\t\t\t\t\t\t\t\t\t<div class=\"service-one__content\">\r\n\t\t\t\t\t\t\t\t\t\t<div class=\"services-one__icon insur-icon-svg\">\r\n\t\t\t\t\t\t\t\t\t\t\t<span aria-hidden=\"true\" class=\"icon-computer\"><\/span>\t\t\t\t\t\t\t\t\t\t<\/div>\r\n\t\t\t\t\t\t\t\t\t\t<h2 class=\"service-one__title\">\r\n\t\t\t\t\t\t\t\t\t\t\t<a   href=\"\">Design\/rental of platforms and online content<\/a>\r\n\t\t\t\t\t\t\t\t\t\t<\/h2>\r\n\t\t\t\t\t\t\t\t\t\t<p class=\"service-one__text\">EFIGESTIA E-LEARNING has developed a new area of activity based on the use of new technologies in the world of online training: Content Design and Rental of elearning content. Development and rental of platforms.\n\n<\/p>\r\n\t\t\t\t\t\t\t\t\t<\/div>\r\n\t\t\t\t\t\t\t\t<\/div>\r\n\t\t\t\t\t\t\t<\/div>\r\n\t\t\t\t\t\t\t<!--Services One Single End-->\r\n\t\t\t\t\t\t\t\t\t\t\t\t<!--Services One Single Start-->\r\n\t\t\t\t\t\t\t<div class=\"col-xl-3 col-lg-4 col-md-6 wow fadeInUp\" data-wow-delay=\"100ms\">\r\n\t\t\t\t\t\t\t\t<div class=\"services-one__single\">\r\n\t\t\t\t\t\t\t\t\t\t\t\t\t\t\t\t\t\t\t<div class=\"service-one__img\">\r\n\t\t\t\t\t\t\t\t\t\t\t<img decoding=\"async\" src=\"https:\/\/efigestia.com\/wp-content\/uploads\/2023\/07\/7064992_Small.jpg\" alt=\"\">\r\n\t\t\t\t\t\t\t\t\t\t<\/div>\r\n\t\t\t\t\t\t\t\t\t\t\t\t\t\t\t\t\t\t<div class=\"service-one__content\">\r\n\t\t\t\t\t\t\t\t\t\t<div class=\"services-one__icon insur-icon-svg\">\r\n\t\t\t\t\t\t\t\t\t\t\t<span aria-hidden=\"true\" class=\"icon-fund\"><\/span>\t\t\t\t\t\t\t\t\t\t<\/div>\r\n\t\t\t\t\t\t\t\t\t\t<h2 class=\"service-one__title\">\r\n\t\t\t\t\t\t\t\t\t\t\t<a   href=\"\">Renting: Computer equipment rental<\/a>\r\n\t\t\t\t\t\t\t\t\t\t<\/h2>\r\n\t\t\t\t\t\t\t\t\t\t<p class=\"service-one__text\">If your company needs to rent equipment for events, training courses or for any other type of activity, we put at your disposal: computer equipment, both desktop and laptop Image projectors LED and plasma TV Multifunction network printer equipment, etc...\n\n<\/p>\r\n\t\t\t\t\t\t\t\t\t<\/div>\r\n\t\t\t\t\t\t\t\t<\/div>\r\n\t\t\t\t\t\t\t<\/div>\r\n\t\t\t\t\t\t\t<!--Services One Single End-->\r\n\t\t\t\t\t\t\t\t\t\t\t\t<!--Services One Single Start-->\r\n\t\t\t\t\t\t\t<div class=\"col-xl-3 col-lg-4 col-md-6 wow fadeInUp\" data-wow-delay=\"100ms\">\r\n\t\t\t\t\t\t\t\t<div class=\"services-one__single\">\r\n\t\t\t\t\t\t\t\t\t\t\t\t\t\t\t\t\t\t\t<div class=\"service-one__img\">\r\n\t\t\t\t\t\t\t\t\t\t\t<img decoding=\"async\" src=\"http:\/\/layerdrops.com\/insurwp\/wp-content\/uploads\/2022\/07\/services-1-5.jpg\" alt=\"\">\r\n\t\t\t\t\t\t\t\t\t\t<\/div>\r\n\t\t\t\t\t\t\t\t\t\t\t\t\t\t\t\t\t\t<div class=\"service-one__content\">\r\n\t\t\t\t\t\t\t\t\t\t<div class=\"services-one__icon insur-icon-svg\">\r\n\t\t\t\t\t\t\t\t\t\t\t<span aria-hidden=\"true\" class=\"fas fa-volume-up\"><\/span>\t\t\t\t\t\t\t\t\t\t<\/div>\r\n\t\t\t\t\t\t\t\t\t\t<h2 class=\"service-one__title\">\r\n\t\t\t\t\t\t\t\t\t\t\t<a   href=\"\">Design\/Execution of Online Advertising Campaigns<\/a>\r\n\t\t\t\t\t\t\t\t\t\t<\/h2>\r\n\t\t\t\t\t\t\t\t\t\t<p class=\"service-one__text\">If your company needs to carry out dissemination campaigns for its products, services or brand, EFIGESTIA can implement numerous actions that will provide you with notoriety, increased customers and sales.\n\n<\/p>\r\n\t\t\t\t\t\t\t\t\t<\/div>\r\n\t\t\t\t\t\t\t\t<\/div>\r\n\t\t\t\t\t\t\t<\/div>\r\n\t\t\t\t\t\t\t<!--Services One Single End-->\r\n\t\t\t\t\t\t\t\t\t<\/div>\r\n\t\t\t<\/div>\r\n\t\t<\/div>\r\n\t<\/section>\r\n\t<!--Services One End-->\r\n\r\n\t\t\t\t<\/div>\n\t\t\t\t<\/div>\n\t\t\t\t<div class=\"elementor-element elementor-element-3a6de0e4 elementor-widget elementor-widget-insur-about\" data-id=\"3a6de0e4\" data-element_type=\"widget\" data-e-type=\"widget\" data-widget_type=\"insur-about.default\">\n\t\t\t\t<div class=\"elementor-widget-container\">\n\t\t\t\t\t\t<!--About One Start-->\r\n\t<section class=\"about-one\">\r\n\t\t\t\t\t<div class=\"about-one-bg wow slideInRight\" data-wow-delay=\"100ms\" data-wow-duration=\"2500ms\" style=\"background-image: url(http:\/\/layerdrops.com\/insurwp\/wp-content\/uploads\/2022\/07\/about-one-bg.png);\"><\/div>\r\n\t\t\t\t<div class=\"container\">\r\n\t\t\t<div class=\"row\">\r\n\t\t\t\t<div class=\"col-xl-6\">\r\n\t\t\t\t\t<div class=\"about-one__left\">\r\n\t\t\t\t\t\t<div class=\"about-one__img-box wow slideInLeft\" data-wow-delay=\"100ms\" data-wow-duration=\"2500ms\">\r\n\t\t\t\t\t\t\t\t\t\t\t\t\t\t\t<div class=\"about-one__img\">\r\n\t\t\t\t\t\t\t\t\t<img decoding=\"async\" src=\"http:\/\/layerdrops.com\/insurwp\/wp-content\/uploads\/2022\/07\/about-one-img-1.jpg\" alt=\"\">\r\n\t\t\t\t\t\t\t\t<\/div>\r\n\t\t\t\t\t\t\t\t\t\t\t\t\t\t\t\t\t\t\t\t\t\t<div class=\"about-one__img-two\">\r\n\t\t\t\t\t\t\t\t\t<img decoding=\"async\" src=\"http:\/\/layerdrops.com\/insurwp\/wp-content\/uploads\/2022\/07\/about-one-img-2.jpg\" alt=\"\">\r\n\t\t\t\t\t\t\t\t<\/div>\r\n\t\t\t\t\t\t\t\t\t\t\t\t\t\t\t\t\t\t\t\t\t\t<div class=\"about-one__experience\">\r\n\t\t\t\t\t\t\t\t\t\t\t\t\t\t\t\t\t\t\t<h2 class=\"about-one__experience-year\">+20<\/h2>\r\n\t\t\t\t\t\t\t\t\t\t\t\t\t\t\t\t\t\t\t\t\t\t\t\t\t\t\t\t<p class=\"about-one__experience-text\">Years of <br> Experience<\/p>\r\n\t\t\t\t\t\t\t\t\t\t\t\t\t\t\t\t\t<\/div>\r\n\t\t\t\t\t\t\t\t\t\t\t\t\t\t\t\t\t\t\t\t\t\t<div class=\"about-one__shape-1\">\r\n\t\t\t\t\t\t\t\t\t<img decoding=\"async\" src=\"http:\/\/layerdrops.com\/insurwp\/wp-content\/uploads\/2022\/07\/about-one-shape-1.jpg\" alt=\"\">\r\n\t\t\t\t\t\t\t\t<\/div>\r\n\t\t\t\t\t\t\t\t\t\t\t\t\t<\/div>\r\n\t\t\t\t\t<\/div>\r\n\t\t\t\t<\/div>\r\n\t\t\t\t<div class=\"col-xl-6\">\r\n\t\t\t\t\t<div class=\"about-one__right\">\r\n\t\t\t\t\t\t\t\t\t\t\t\t\t<div class=\"section-title text-left\">\r\n\t\t\t\t\t\t\t\t<div class=\"section-sub-title-box\">\r\n\t\t\t\t\t\t\t\t\t\t\t\t\t\t\t\t\t\t\t<p class=\"section-sub-title\">OUR COMPANY<\/p>\r\n\t\t\t\t\t\t\t\t\t\t\t\t\t\t\t\t\t\t\t\t\t\t\t\t\t\t\t\t<div class=\"section-title-shape-1\">\r\n\t\t\t\t\t\t\t\t\t\t\t<img decoding=\"async\" src=\"http:\/\/layerdrops.com\/insurwp\/wp-content\/uploads\/2022\/07\/section-title-shape-1.png\" alt=\"\">\r\n\t\t\t\t\t\t\t\t\t\t<\/div>\r\n\t\t\t\t\t\t\t\t\t\t\t\t\t\t\t\t\t\t\t\t\t\t\t\t\t\t\t\t<div class=\"section-title-shape-2\">\r\n\t\t\t\t\t\t\t\t\t\t\t<img decoding=\"async\" src=\"http:\/\/layerdrops.com\/insurwp\/wp-content\/uploads\/2022\/07\/section-title-shape-2.png\" alt=\"\">\r\n\t\t\t\t\t\t\t\t\t\t<\/div>\r\n\t\t\t\t\t\t\t\t\t\t\t\t\t\t\t\t\t<\/div>\r\n\t\t\t\t\t\t\t\t\t\t\t\t\t\t\t\t\t<h2 class=\"section-title__title\">How we can help you<\/h2>\r\n\t\t\t\t\t\t\t\t\t\t\t\t\t\t\t<\/div>\r\n\t\t\t\t\t\t\t\t\t\t\t\t\t\t\t\t\t\t\t<p class=\"about-one__text-1\">Without the need to hire specialized personnel, open specific departments, or therefore dedicate large budgets, your company can:\n\n<\/p>\r\n\t\t\t\t\t\t\t\t\t\t\t\t\t\t\t\t\t\t\t<ul class=\"list-unstyled about-one__points ml-0\">\r\n\t\t\t\t\t\t\t\t\t\t\t\t\t\t\t\t\t<li>\r\n\t\t\t\t\t\t\t\t\t\t<div class=\"icon insur-icon-svg\">\r\n\t\t\t\t\t\t\t\t\t\t\t<i aria-hidden=\"true\" class=\"icon-tick\"><\/i>\t\t\t\t\t\t\t\t\t\t<\/div>\r\n\t\t\t\t\t\t\t\t\t\t<div class=\"text\">\r\n\t\t\t\t\t\t\t\t\t\t\t<p>Professionally manage international tenders.\n<\/p>\r\n\t\t\t\t\t\t\t\t\t\t<\/div>\r\n\t\t\t\t\t\t\t\t\t<\/li>\r\n\t\t\t\t\t\t\t\t\t\t\t\t\t\t\t\t\t<li>\r\n\t\t\t\t\t\t\t\t\t\t<div class=\"icon insur-icon-svg\">\r\n\t\t\t\t\t\t\t\t\t\t\t<i aria-hidden=\"true\" class=\"icon-tick\"><\/i>\t\t\t\t\t\t\t\t\t\t<\/div>\r\n\t\t\t\t\t\t\t\t\t\t<div class=\"text\">\r\n\t\t\t\t\t\t\t\t\t\t\t<p>Have a highly qualified economic and financial management.<\/p>\r\n\t\t\t\t\t\t\t\t\t\t<\/div>\r\n\t\t\t\t\t\t\t\t\t<\/li>\r\n\t\t\t\t\t\t\t\t\t\t\t\t\t\t\t\t\t<li>\r\n\t\t\t\t\t\t\t\t\t\t<div class=\"icon insur-icon-svg\">\r\n\t\t\t\t\t\t\t\t\t\t\t<i aria-hidden=\"true\" class=\"icon-tick\"><\/i>\t\t\t\t\t\t\t\t\t\t<\/div>\r\n\t\t\t\t\t\t\t\t\t\t<div class=\"text\">\r\n\t\t\t\t\t\t\t\t\t\t\t<p>Without ever assuming fixed costs. In an agile and efficient way.\n\n\n<\/p>\r\n\t\t\t\t\t\t\t\t\t\t<\/div>\r\n\t\t\t\t\t\t\t\t\t<\/li>\r\n\t\t\t\t\t\t\t\t\t\t\t\t\t\t\t<\/ul>\r\n\t\t\t\t\t\t\t\t\t\t\t\t\t\t\t\t\t\t\t<p class=\"about-one__text-2\">\n\n<\/p>\r\n\t\t\t\t\t\t\t\t\t\t\t\t<div class=\"about-one__btn-call\">\r\n\t\t\t\t\t\t\t\t\t\t\t\t\t\t\t<div class=\"about-one__btn-box\">\r\n\t\t\t\t\t\t\t\t\t<a   href=\"\" class=\"thm-btn about-one__btn\">Contact<\/a>\r\n\t\t\t\t\t\t\t\t<\/div>\r\n\t\t\t\t\t\t\t\t\t\t\t\t\t\t<div class=\"about-one__call\">\r\n\t\t\t\t\t\t\t\t<div class=\"about-one__call-icon insur-icon-svg\">\r\n\t\t\t\t\t\t\t\t\t<i aria-hidden=\"true\" class=\"fas fa-phone\"><\/i>\t\t\t\t\t\t\t\t<\/div>\r\n\t\t\t\t\t\t\t\t\t\t\t\t\t\t\t\t\t<div class=\"about-one__call-content\">\r\n\t\t\t\t\t\t\t\t\t\t\t\t\t\t\t\t\t\t\t\t\t<a href=\"tel:34963252041\">+34 96 325 20 41<\/a>\r\n\t\t\t\t\t\t\t\t\t\t\t\t\t\t\t\t\t\t\t\t\t\t\t\t\t\t\t\t\t\t\t<p>Call our experts<\/p>\r\n\t\t\t\t\t\t\t\t\t\t\t\t\t\t\t\t\t\t\t<\/div>\r\n\t\t\t\t\t\t\t\t\t\t\t\t\t\t\t<\/div>\r\n\t\t\t\t\t\t<\/div>\r\n\t\t\t\t\t<\/div>\r\n\t\t\t\t<\/div>\r\n\t\t\t<\/div>\r\n\t\t<\/div>\r\n\t<\/section>\r\n\t<!--About One End-->\r\n\t\t\t\t<\/div>\n\t\t\t\t<\/div>\n\t\t\t\t\t<\/div>\n\t\t<\/div>\n\t\t\t\t\t<\/div>\n\t\t<\/section>\n\t\t\t\t<\/div>","protected":false},"excerpt":{"rendered":"<p>SERVICIOS EFIGESTIA Qu\u00e9 podemos hacer por tu empresa Todos nuestros servicios representan autom\u00e1ticamente un Aumento de la Rentabilidad para su empresa. Gesti\u00f3n de Licitaciones y BPO Outsourcing Gestionamos para tu empresa las licitaciones con la Administraci\u00f3n P\u00fablica Internacional (Org. Multilaterales: Naciones Unidas &#8211; ONU, Banco Interamericano de Desarrollo &#8211; BID &#8230; ) para lograr abrirte [&hellip;]<\/p>","protected":false},"author":1,"featured_media":0,"parent":0,"menu_order":0,"comment_status":"closed","ping_status":"closed","template":"elementor_header_footer","meta":{"footnotes":""},"class_list":["post-2744","page","type-page","status-publish","hentry"],"yoast_head":"<!-- This site is optimized with the Yoast SEO plugin v26.3 - https:\/\/yoast.com\/wordpress\/plugins\/seo\/ -->\n<title>Servicios - Efigestia<\/title>\n<meta name=\"robots\" content=\"index, follow, max-snippet:-1, max-image-preview:large, max-video-preview:-1\" \/>\n<link rel=\"canonical\" href=\"https:\/\/efigestia.com\/en\/servicios\/\" \/>\n<meta property=\"og:locale\" content=\"en_GB\" \/>\n<meta property=\"og:type\" content=\"article\" \/>\n<meta property=\"og:title\" content=\"Servicios - Efigestia\" \/>\n<meta property=\"og:description\" content=\"SERVICIOS EFIGESTIA Qu\u00e9 podemos hacer por tu empresa Todos nuestros servicios representan autom\u00e1ticamente un Aumento de la Rentabilidad para su empresa. Gesti\u00f3n de Licitaciones y BPO Outsourcing Gestionamos para tu empresa las licitaciones con la Administraci\u00f3n P\u00fablica Internacional (Org. Multilaterales: Naciones Unidas &#8211; ONU, Banco Interamericano de Desarrollo &#8211; BID &#8230; ) para lograr abrirte [&hellip;]\" \/>\n<meta property=\"og:url\" content=\"https:\/\/efigestia.com\/en\/servicios\/\" \/>\n<meta property=\"og:site_name\" content=\"Efigestia\" \/>\n<meta property=\"article:publisher\" content=\"https:\/\/www.facebook.com\/efigestia\" \/>\n<meta property=\"article:modified_time\" content=\"2023-09-11T16:07:33+00:00\" \/>\n<meta property=\"og:image\" content=\"http:\/\/layerdrops.com\/insurwp\/wp-content\/uploads\/2022\/07\/section-title-shape-1.png\" \/>\n<meta name=\"twitter:card\" content=\"summary_large_image\" \/>\n<meta name=\"twitter:site\" content=\"@Efigestia\" \/>\n<meta name=\"twitter:label1\" content=\"Estimated reading time\" \/>\n\t<meta name=\"twitter:data1\" content=\"1 minute\" \/>\n<script type=\"application\/ld+json\" class=\"yoast-schema-graph\">{\"@context\":\"https:\/\/schema.org\",\"@graph\":[{\"@type\":\"WebPage\",\"@id\":\"https:\/\/efigestia.com\/servicios\/\",\"url\":\"https:\/\/efigestia.com\/servicios\/\",\"name\":\"Servicios - Efigestia\",\"isPartOf\":{\"@id\":\"https:\/\/efigestia.com\/#website\"},\"primaryImageOfPage\":{\"@id\":\"https:\/\/efigestia.com\/servicios\/#primaryimage\"},\"image\":{\"@id\":\"https:\/\/efigestia.com\/servicios\/#primaryimage\"},\"thumbnailUrl\":\"http:\/\/layerdrops.com\/insurwp\/wp-content\/uploads\/2022\/07\/section-title-shape-1.png\",\"datePublished\":\"2023-09-11T16:04:04+00:00\",\"dateModified\":\"2023-09-11T16:07:33+00:00\",\"breadcrumb\":{\"@id\":\"https:\/\/efigestia.com\/servicios\/#breadcrumb\"},\"inLanguage\":\"en-GB\",\"potentialAction\":[{\"@type\":\"ReadAction\",\"target\":[\"https:\/\/efigestia.com\/servicios\/\"]}]},{\"@type\":\"ImageObject\",\"inLanguage\":\"en-GB\",\"@id\":\"https:\/\/efigestia.com\/servicios\/#primaryimage\",\"url\":\"http:\/\/layerdrops.com\/insurwp\/wp-content\/uploads\/2022\/07\/section-title-shape-1.png\",\"contentUrl\":\"http:\/\/layerdrops.com\/insurwp\/wp-content\/uploads\/2022\/07\/section-title-shape-1.png\"},{\"@type\":\"BreadcrumbList\",\"@id\":\"https:\/\/efigestia.com\/servicios\/#breadcrumb\",\"itemListElement\":[{\"@type\":\"ListItem\",\"position\":1,\"name\":\"Portada\",\"item\":\"https:\/\/efigestia.com\/\"},{\"@type\":\"ListItem\",\"position\":2,\"name\":\"Servicios\"}]},{\"@type\":\"WebSite\",\"@id\":\"https:\/\/efigestia.com\/#website\",\"url\":\"https:\/\/efigestia.com\/\",\"name\":\"Efigestia.com\",\"description\":\"Consultor\u00eda y asesoramiento Internacional\",\"publisher\":{\"@id\":\"https:\/\/efigestia.com\/#organization\"},\"potentialAction\":[{\"@type\":\"SearchAction\",\"target\":{\"@type\":\"EntryPoint\",\"urlTemplate\":\"https:\/\/efigestia.com\/?s={search_term_string}\"},\"query-input\":{\"@type\":\"PropertyValueSpecification\",\"valueRequired\":true,\"valueName\":\"search_term_string\"}}],\"inLanguage\":\"en-GB\"},{\"@type\":\"Organization\",\"@id\":\"https:\/\/efigestia.com\/#organization\",\"name\":\"Efigestia S.L\",\"alternateName\":\"Consultoria estrat\u00e9gica\",\"url\":\"https:\/\/efigestia.com\/\",\"logo\":{\"@type\":\"ImageObject\",\"inLanguage\":\"en-GB\",\"@id\":\"https:\/\/efigestia.com\/#\/schema\/logo\/image\/\",\"url\":\"https:\/\/efigestia.com\/wp-content\/uploads\/2023\/07\/logo_efigestia-1.png\",\"contentUrl\":\"https:\/\/efigestia.com\/wp-content\/uploads\/2023\/07\/logo_efigestia-1.png\",\"width\":2274,\"height\":617,\"caption\":\"Efigestia S.L\"},\"image\":{\"@id\":\"https:\/\/efigestia.com\/#\/schema\/logo\/image\/\"},\"sameAs\":[\"https:\/\/www.facebook.com\/efigestia\",\"https:\/\/x.com\/Efigestia\"]}]}<\/script>\n<!-- \/ Yoast SEO plugin. -->","yoast_head_json":{"title":"Servicios - Efigestia","robots":{"index":"index","follow":"follow","max-snippet":"max-snippet:-1","max-image-preview":"max-image-preview:large","max-video-preview":"max-video-preview:-1"},"canonical":"https:\/\/efigestia.com\/en\/servicios\/","og_locale":"en_GB","og_type":"article","og_title":"Servicios - Efigestia","og_description":"SERVICIOS EFIGESTIA Qu\u00e9 podemos hacer por tu empresa Todos nuestros servicios representan autom\u00e1ticamente un Aumento de la Rentabilidad para su empresa. Gesti\u00f3n de Licitaciones y BPO Outsourcing Gestionamos para tu empresa las licitaciones con la Administraci\u00f3n P\u00fablica Internacional (Org. Multilaterales: Naciones Unidas &#8211; ONU, Banco Interamericano de Desarrollo &#8211; BID &#8230; ) para lograr abrirte [&hellip;]","og_url":"https:\/\/efigestia.com\/en\/servicios\/","og_site_name":"Efigestia","article_publisher":"https:\/\/www.facebook.com\/efigestia","article_modified_time":"2023-09-11T16:07:33+00:00","og_image":[{"url":"http:\/\/layerdrops.com\/insurwp\/wp-content\/uploads\/2022\/07\/section-title-shape-1.png","type":"","width":"","height":""}],"twitter_card":"summary_large_image","twitter_site":"@Efigestia","twitter_misc":{"Estimated reading time":"1 minute"},"schema":{"@context":"https:\/\/schema.org","@graph":[{"@type":"WebPage","@id":"https:\/\/efigestia.com\/servicios\/","url":"https:\/\/efigestia.com\/servicios\/","name":"Servicios - Efigestia","isPartOf":{"@id":"https:\/\/efigestia.com\/#website"},"primaryImageOfPage":{"@id":"https:\/\/efigestia.com\/servicios\/#primaryimage"},"image":{"@id":"https:\/\/efigestia.com\/servicios\/#primaryimage"},"thumbnailUrl":"http:\/\/layerdrops.com\/insurwp\/wp-content\/uploads\/2022\/07\/section-title-shape-1.png","datePublished":"2023-09-11T16:04:04+00:00","dateModified":"2023-09-11T16:07:33+00:00","breadcrumb":{"@id":"https:\/\/efigestia.com\/servicios\/#breadcrumb"},"inLanguage":"en-GB","potentialAction":[{"@type":"ReadAction","target":["https:\/\/efigestia.com\/servicios\/"]}]},{"@type":"ImageObject","inLanguage":"en-GB","@id":"https:\/\/efigestia.com\/servicios\/#primaryimage","url":"http:\/\/layerdrops.com\/insurwp\/wp-content\/uploads\/2022\/07\/section-title-shape-1.png","contentUrl":"http:\/\/layerdrops.com\/insurwp\/wp-content\/uploads\/2022\/07\/section-title-shape-1.png"},{"@type":"BreadcrumbList","@id":"https:\/\/efigestia.com\/servicios\/#breadcrumb","itemListElement":[{"@type":"ListItem","position":1,"name":"Portada","item":"https:\/\/efigestia.com\/"},{"@type":"ListItem","position":2,"name":"Servicios"}]},{"@type":"WebSite","@id":"https:\/\/efigestia.com\/#website","url":"https:\/\/efigestia.com\/","name":"Efigestia.com","description":"Consultor\u00eda y asesoramiento Internacional","publisher":{"@id":"https:\/\/efigestia.com\/#organization"},"potentialAction":[{"@type":"SearchAction","target":{"@type":"EntryPoint","urlTemplate":"https:\/\/efigestia.com\/?s={search_term_string}"},"query-input":{"@type":"PropertyValueSpecification","valueRequired":true,"valueName":"search_term_string"}}],"inLanguage":"en-GB"},{"@type":"Organization","@id":"https:\/\/efigestia.com\/#organization","name":"Ephigestia SL","alternateName":"Consultoria estrat\u00e9gica","url":"https:\/\/efigestia.com\/","logo":{"@type":"ImageObject","inLanguage":"en-GB","@id":"https:\/\/efigestia.com\/#\/schema\/logo\/image\/","url":"https:\/\/efigestia.com\/wp-content\/uploads\/2023\/07\/logo_efigestia-1.png","contentUrl":"https:\/\/efigestia.com\/wp-content\/uploads\/2023\/07\/logo_efigestia-1.png","width":2274,"height":617,"caption":"Efigestia S.L"},"image":{"@id":"https:\/\/efigestia.com\/#\/schema\/logo\/image\/"},"sameAs":["https:\/\/www.facebook.com\/efigestia","https:\/\/x.com\/Efigestia"]}]}},"_links":{"self":[{"href":"https:\/\/efigestia.com\/en\/wp-json\/wp\/v2\/pages\/2744","targetHints":{"allow":["GET"]}}],"collection":[{"href":"https:\/\/efigestia.com\/en\/wp-json\/wp\/v2\/pages"}],"about":[{"href":"https:\/\/efigestia.com\/en\/wp-json\/wp\/v2\/types\/page"}],"author":[{"embeddable":true,"href":"https:\/\/efigestia.com\/en\/wp-json\/wp\/v2\/users\/1"}],"replies":[{"embeddable":true,"href":"https:\/\/efigestia.com\/en\/wp-json\/wp\/v2\/comments?post=2744"}],"version-history":[{"count":9,"href":"https:\/\/efigestia.com\/en\/wp-json\/wp\/v2\/pages\/2744\/revisions"}],"predecessor-version":[{"id":2753,"href":"https:\/\/efigestia.com\/en\/wp-json\/wp\/v2\/pages\/2744\/revisions\/2753"}],"wp:attachment":[{"href":"https:\/\/efigestia.com\/en\/wp-json\/wp\/v2\/media?parent=2744"}],"curies":[{"name":"wp","href":"https:\/\/api.w.org\/{rel}","templated":true}]}}